{"id":30,"date":"2018-08-31T14:24:32","date_gmt":"2018-08-31T18:24:32","guid":{"rendered":"https:\/\/redemco.com\/?page_id=30"},"modified":"2020-06-10T13:11:45","modified_gmt":"2020-06-10T17:11:45","slug":"avis-juridique","status":"publish","type":"page","link":"https:\/\/redemco.com\/fr\/avis-juridique\/","title":{"rendered":"Avis juridique"},"content":{"rendered":"<div class=\"fusion-fullwidth fullwidth-box fusion-builder-row-1 nonhundred-percent-fullwidth non-hundred-percent-height-scrolling\" style=\"--awb-border-radius-top-left:0px;--awb-border-radius-top-right:0px;--awb-border-radius-bottom-right:0px;--awb-border-radius-bottom-left:0px;--awb-flex-wrap:wrap;\" ><div class=\"fusion-builder-row fusion-row\"><div class=\"fusion-layout-column fusion_builder_column fusion-builder-column-0 fusion_builder_column_1_1 1_1 fusion-one-full fusion-column-first fusion-column-last\" style=\"--awb-bg-size:cover;\"><div class=\"fusion-column-wrapper fusion-flex-column-wrapper-legacy\"><div class=\"fusion-title title fusion-title-1 fusion-title-text fusion-title-size-one\" style=\"--awb-margin-top-small:0px;--awb-margin-right-small:0px;--awb-margin-bottom-small:20px;--awb-margin-left-small:0px;\"><h1 class=\"fusion-title-heading title-heading-left fusion-responsive-typography-calculated\" style=\"margin:0;--fontSize:34;line-height:1.4;\"><h1 class=\"sous-titres2\"><span style=\"font-family: Verdana, Arial, Helvetica, sans-serif;\">CONDITIONS D&rsquo;UTILISATION DU SITE WEB DE REDEMCO<\/span><\/h1><\/h1><span class=\"awb-title-spacer\"><\/span><div class=\"title-sep-container\"><div class=\"title-sep sep-single sep-solid\" style=\"border-color:#e0dede;\"><\/div><\/div><\/div><div class=\"fusion-text fusion-text-1\"><blockquote>\n<p class=\"textegris\" style=\"padding-left: 30px;\"><span style=\"font-family: Verdana, Arial, Helvetica, sans-serif;\">Les \u00e9l\u00e9ments du site Web de REDEMCO (le \u00ab\u00a0pr\u00e9sent site\u00a0\u00bb), qui peuvent inclure du texte, des images, des extraits audio et vid\u00e9o, des logiciels et autres \u00e9l\u00e9ments (le \u00ab\u00a0contenu\u00a0\u00bb), ne sont fournis par REDEMCO qu&rsquo;\u00e0 des fins d&rsquo;information. En acc\u00e9dant au pr\u00e9sent site ou en t\u00e9l\u00e9chargeant tout \u00e9l\u00e9ment du contenu, vous acceptez d&rsquo;\u00eatre li\u00e9(e) par les conditions pr\u00e9cis\u00e9es ci-dessous (les \u00ab\u00a0pr\u00e9sentes conditions\u00a0\u00bb). Si vous n&rsquo;acceptez pas les pr\u00e9sentes conditions, vous ne devez ni acc\u00e9der au site ni t\u00e9l\u00e9charger le moindre \u00e9l\u00e9ment du contenu.<\/span><\/p>\n<\/blockquote>\n<h2 class=\"sous-titres2\"><span style=\"font-family: Verdana, Arial, Helvetica, sans-serif;\">Limitation de responsabilit\u00e9.<\/span><\/h2>\n<blockquote>\n<p class=\"textegris\" style=\"padding-left: 30px; text-align: left;\"><span style=\"font-family: Verdana, Arial, Helvetica, sans-serif;\">REDEMCO s&#8217;emploie \u00e0 assurer l&rsquo;exactitude et la fiabilit\u00e9 du contenu du pr\u00e9sent site ; toutefois, le contenu ayant \u00e9t\u00e9 compil\u00e9 par REDEMCO \u00e0 partir de sources diverses, il vous est fourni tel quel, en fonction des \u00e9l\u00e9ments disponibles. REDEMCO NE PEUT \u00caTRE TENUE RESPONSABLE ENVERS VOUS OU UN TIERS DES ERREURS OU DES OMISSIONS DE TOUTE NATURE ENTACHANT LE CONTENU OU LES \u00c9L\u00c9MENTS LI\u00c9S AU PR\u00c9SENT SITE ; REDEMCO N&rsquo;ACCORDE, QUE CE SOIT \u00c0 VOUS OU AUX TIERS, AUCUNE GARANTIE EXPRESSE OU IMPLICITE SUR LE CONTENU OU SUR LES \u00c9L\u00c9MENTS LI\u00c9S AU PR\u00c9SENT SITE, ET NOTAMMENT AUCUNE GARANTIE DE NON-CONTREFA\u00c7ON, DE QUALIT\u00c9 MARCHANDE OU D&rsquo;ADAPTATION \u00c0 UNE FIN PARTICULI\u00c8RE.<\/span><\/p>\n<p class=\"textegris\" style=\"padding-left: 30px;\"><span style=\"font-family: Verdana, Arial, Helvetica, sans-serif;\">Le pr\u00e9sent site comporte des liens qui permettent d&rsquo;acc\u00e9der \u00e0 des sites Web non g\u00e9r\u00e9s ou contr\u00f4l\u00e9s par REDEMCO, dont les sites Web de soci\u00e9t\u00e9s affili\u00e9es, partenaires, fournisseurs ou clients de REDEMCO. REDEMCO ne fournit ces liens que pour votre commodit\u00e9 et n&rsquo;est nullement responsable du contenu des sites auxquels ils m\u00e8nent. REDEMCO prend des mesures raisonnables pour assurer l&rsquo;exactitude du contenu du pr\u00e9sent site, mais ne peut garantir le caract\u00e8re exact ou complet des informations accessibles par les liens pr\u00e9cit\u00e9s. Elle n&rsquo;accorde, sur ces informations, aucune garantie de non-contrefa\u00e7on, de qualit\u00e9 marchande ou d&rsquo;adaptation \u00e0 une fin particuli\u00e8re. REDEMCO n&rsquo;accorde enfin aucune garantie sur les autres sites Web auxquels le pr\u00e9sent site vous donne acc\u00e8s. Il vous incombe enti\u00e8rement de vous assurer que les sites Web auxquels vous choisissez d&rsquo;acc\u00e9der sont exempts de tout \u00e9l\u00e9ment destructeur, virus compris.<\/span><\/p>\n<p class=\"textegris\" style=\"padding-left: 30px;\"><span style=\"font-family: Verdana, Arial, Helvetica, sans-serif;\">REDEMCO NE PEUT EN AUCUNE CIRCONSTANCE \u00caTRE TENUE RESPONSABLE DES DOMMAGES DE TOUTE NATURE, INDIRECTS, SP\u00c9CIAUX OU FORTUITS COMPRIS, R\u00c9SULTANT DIRECTEMENT OU INDIRECTEMENT DE L&rsquo;UTILISATION OU DE LA PERFORMANCE DU PR\u00c9SENT SITE OU ENCORE DU CONTENU DISPONIBLE OU \u00c9VOQU\u00c9 SUR CELUI-CI OU SUR TOUT AUTRE SITE AUQUEL VOUS POUVEZ ACC\u00c9DER PAR LE PR\u00c9SENT SITE, M\u00caME SI ELLE A \u00c9T\u00c9 AVIS\u00c9E DE LA POSSIBILIT\u00c9 DE TELS DOMMAGES.<\/span><\/p>\n<\/blockquote>\n<h2 class=\"sous-titres2\"><span style=\"font-family: Verdana, Arial, Helvetica, sans-serif;\">Utilisation du pr\u00e9sent site<\/span><\/h2>\n<blockquote>\n<p class=\"textegris\" style=\"padding-left: 30px;\"><span style=\"font-family: Verdana, Arial, Helvetica, sans-serif;\">Il vous est interdit de transmettre, publier, reproduire ou diffuser sur le pr\u00e9sent site de l&rsquo;information ou des \u00e9l\u00e9ments : (i) si cela constitue une infraction criminelle ou peut donner lieu \u00e0 des poursuites en responsabilit\u00e9 civile, ou si cela incite \u00e0 la commission d&rsquo;actes pouvant constituer une telle infraction ou pouvant donner lieu \u00e0 de telles poursuites ; (ii) si cette information ou ces \u00e9l\u00e9ments sont prot\u00e9g\u00e9s par droits d&rsquo;auteur ou autres droits de propri\u00e9t\u00e9 intellectuelle sans obtenir la permission du d\u00e9tenteur de ces droits (cette interdiction s&rsquo;\u00e9tend aux \u00e9l\u00e9ments d\u00e9riv\u00e9s de l&rsquo;information ou des \u00e9l\u00e9ments pr\u00e9cit\u00e9s) ; ou (iii) si cela constitue une utilisation du pr\u00e9sent site contraire \u00e0 la loi ou \u00e0 l&rsquo;\u00e9tiquette d&rsquo;Internet ou encore si cela peut nuire \u00e0 l&rsquo;utilisation du pr\u00e9sent site ou d&rsquo;Internet par d&rsquo;autres utilisateurs, y compris par la diffusion ou la transmission d&rsquo;information ou de logiciels comportant des virus ou d&rsquo;autres \u00e9l\u00e9ments perturbateurs.<\/span><\/p>\n<\/blockquote>\n<h2 class=\"sous-titres2\"><span style=\"font-family: Verdana, Arial, Helvetica, sans-serif;\">Droits d&rsquo;auteur<\/span><\/h2>\n<blockquote>\n<p class=\"textegris\" style=\"padding-left: 30px;\"><span style=\"font-family: Verdana, Arial, Helvetica, sans-serif;\">Tout le contenu publi\u00e9 sur le pr\u00e9sent site ou autrement accessible par l&rsquo;entremise de celui-ci est prot\u00e9g\u00e9 par droits d&rsquo;auteur. Le contenu et les droits d&rsquo;auteur sur le contenu appartiennent ou sont sous le contr\u00f4le de REDEMCO ou de ses fournisseurs de contenu. Vous ne pouvez utiliser ou reproduire l&rsquo;information que comporte le contenu qu&rsquo;\u00e0 des fins d&rsquo;usage personnel, non commercial ou \u00e9ducatif. Toute autre utilisation, reproduction, diffusion, publication ou retransmission du contenu est strictement interdite sans l&rsquo;autorisation \u00e9crite du d\u00e9tenteur des droits d&rsquo;auteur. Vous devez vous conformer \u00e0 la totalit\u00e9 des avis, des informations et des restrictions int\u00e9gr\u00e9s au contenu, et ne devez pas les retirer de celui-ci.<\/span><\/p>\n<\/blockquote>\n<h2 class=\"sous-titres2\"><span style=\"font-family: Verdana, Arial, Helvetica, sans-serif;\">Marques de commerce<\/span><\/h2>\n<blockquote>\n<p class=\"textegris\" style=\"padding-left: 30px;\"><span style=\"font-family: Verdana, Arial, Helvetica, sans-serif;\">Le logo de REDEMCO est une marque de commerce, d\u00e9pos\u00e9es au Canada ou ailleurs, de REDEMCO INC. ou de ses soci\u00e9t\u00e9s affili\u00e9es. Les noms ou les logos des autres produits et services de REDEMCO \u00e9voqu\u00e9s sur le pr\u00e9sent site sont des marques de commerce, d\u00e9pos\u00e9es ou non, de REDEMCO INC. ou de ses soci\u00e9t\u00e9s affili\u00e9es. Les noms de la totalit\u00e9 des autres produits, services ou soci\u00e9t\u00e9s mentionn\u00e9s sur le pr\u00e9sent site peuvent \u00eatre des marques de commerce de leurs d\u00e9tenteurs respectifs.<\/span><\/p>\n<p class=\"textegris\" style=\"padding-left: 30px;\"><span style=\"font-family: Verdana, Arial, Helvetica, sans-serif;\">Il vous est interdit d&rsquo;utiliser la moindre marque de commerce figurant sur le pr\u00e9sent site sans l&rsquo;autorisation \u00e9crite de REDEMCO ou du d\u00e9tenteur des droits sur cette marque de commerce.<\/span><\/p>\n<\/blockquote>\n<h2 class=\"sous-titres2\"><span style=\"font-family: Verdana, Arial, Helvetica, sans-serif;\">Vie priv\u00e9e et information confidentielle<\/span><\/h2>\n<blockquote>\n<p class=\"textegris\" style=\"padding-left: 30px;\"><span style=\"font-family: Verdana, Arial, Helvetica, sans-serif;\">La Politique relative \u00e0 la vie priv\u00e9e et \u00e0 la s\u00e9curit\u00e9 de REDEMCO fait partie int\u00e9grante des pr\u00e9sentes conditions.<\/span><\/p>\n<\/blockquote>\n<h2 class=\"sous-titres2\"><span style=\"font-family: Verdana, Arial, Helvetica, sans-serif;\">Indemnisation<\/span><\/h2>\n<p class=\"textegris\" style=\"padding-left: 30px;\"><span style=\"font-family: Verdana, Arial, Helvetica, sans-serif;\">Vous vous engagez \u00e0 tenir REDEMCO, ses employ\u00e9s, dirigeants, administrateurs, agents, partenaires et soci\u00e9t\u00e9s affili\u00e9es indemnes et \u00e0 couvert de la totalit\u00e9 des dommages, des frais et des d\u00e9penses, honoraires d&rsquo;avocat raisonnables compris, li\u00e9s \u00e0 toute violation des pr\u00e9sentes conditions soit par vous ou par les utilisateurs de votre compte, soit en relation avec l&rsquo;utilisation du pr\u00e9sent site ou \u00e0 la diffusion ou la transmission de toute information ou d&rsquo;autres \u00e9l\u00e9ments sur le pr\u00e9sent site par vous ou par les utilisateurs de votre compte.<\/span><\/p>\n<h2 class=\"sous-titres2\"><span style=\"font-family: Verdana, Arial, Helvetica, sans-serif;\">Territoire<\/span><\/h2>\n<p class=\"textegris\" style=\"padding-left: 30px;\"><span style=\"font-family: Verdana, Arial, Helvetica, sans-serif;\">Le site de REDEMCO est publi\u00e9 \u00e0 partir du Canada. Les produits et services de REDEMCO sont offerts sur le territoire d&rsquo;exploitation de REDEMCO.<\/span><\/p>\n<h2 class=\"sous-titres2\"><span style=\"font-family: Verdana, Arial, Helvetica, sans-serif;\">Modifications<\/span><\/h2>\n<p class=\"textegris\" style=\"padding-left: 30px;\"><span style=\"font-family: Verdana, Arial, Helvetica, sans-serif;\">REDEMCO se r\u00e9serve le droit de modifier ou de supprimer, en tout ou en partie, tout \u00e9l\u00e9ment du contenu du pr\u00e9sent site, et ce, en tout temps et sans pr\u00e9avis.<\/span><\/p>\n<h2 class=\"sous-titres2\"><span style=\"font-family: Verdana, Arial, Helvetica, sans-serif;\">Dispositions diverses<\/span><\/h2>\n<p class=\"textegris\" style=\"padding-left: 30px;\"><span style=\"font-family: Verdana, Arial, Helvetica, sans-serif;\">Les pr\u00e9sentes conditions, y compris la politique de REDEMCO relative \u00e0 la vie priv\u00e9e et \u00e0 la s\u00e9curit\u00e9 accessible \u00e0 ainsi que les autres documents \u00e9voqu\u00e9s aux pr\u00e9sentes, constituent l&rsquo;entente int\u00e9grale entre REDEMCO et vous quant \u00e0 l&rsquo;utilisation du pr\u00e9sent site. Le d\u00e9faut de REDEMCO d&rsquo;insister sur le strict respect de toute disposition des pr\u00e9sentes ou d&rsquo;assurer ce respect ne constitue nullement une renonciation \u00e0 quelque disposition ou droit que ce soit. Le fait que l&rsquo;une ou l&rsquo;autre des pr\u00e9sentes conditions soit d\u00e9clar\u00e9e nulle, invalide ou autrement inex\u00e9cutoire par un tribunal comp\u00e9tent n&rsquo;influe en rien sur les autres dispositions des pr\u00e9sentes. La pr\u00e9sente entente est r\u00e9gie par les lois de la province de Qu\u00e9bec et par les lois canadiennes applicables ; elle doit \u00eatre interpr\u00e9t\u00e9e \u00e0 la lumi\u00e8re desdites lois. Les parties sont r\u00e9put\u00e9es avoir demand\u00e9 que la pr\u00e9sente entente ainsi que tous les documents qui s&rsquo;y rattachent soient r\u00e9dig\u00e9s en fran\u00e7ais. The parties are deemed to have required that these Terms and Conditions and all related documents be drawn up in French.<\/span><\/p>\n<\/div><div class=\"fusion-clearfix\"><\/div><\/div><\/div><\/div><\/div>\n","protected":false},"excerpt":{"rendered":"","protected":false},"author":1,"featured_media":0,"parent":0,"menu_order":9,"comment_status":"closed","ping_status":"closed","template":"","meta":{"footnotes":""},"class_list":["post-30","page","type-page","status-publish","hentry"],"yoast_head":"<!-- This site is optimized with the Yoast SEO plugin v27.2 - https:\/\/yoast.com\/product\/yoast-seo-wordpress\/ -->\n<title>Avis juridique - REDEMCO<\/title>\n<meta name=\"robots\" content=\"index, follow, max-snippet:-1, max-image-preview:large, max-video-preview:-1\" \/>\n<link rel=\"canonical\" href=\"https:\/\/redemco.com\/fr\/avis-juridique\/\" \/>\n<meta property=\"og:locale\" content=\"fr_CA\" \/>\n<meta property=\"og:type\" content=\"article\" \/>\n<meta property=\"og:title\" content=\"Avis juridique - REDEMCO\" \/>\n<meta property=\"og:url\" content=\"https:\/\/redemco.com\/fr\/avis-juridique\/\" \/>\n<meta property=\"og:site_name\" content=\"REDEMCO\" \/>\n<meta property=\"article:modified_time\" content=\"2020-06-10T17:11:45+00:00\" \/>\n<meta name=\"twitter:card\" content=\"summary_large_image\" \/>\n<meta name=\"twitter:label1\" content=\"Estimation du temps de lecture\" \/>\n\t<meta name=\"twitter:data1\" content=\"7 minutes\" \/>\n<script type=\"application\/ld+json\" class=\"yoast-schema-graph\">{\"@context\":\"https:\/\/schema.org\",\"@graph\":[{\"@type\":\"WebPage\",\"@id\":\"https:\/\/redemco.com\/fr\/avis-juridique\/\",\"url\":\"https:\/\/redemco.com\/fr\/avis-juridique\/\",\"name\":\"Avis juridique - REDEMCO\",\"isPartOf\":{\"@id\":\"https:\/\/redemco.com\/fr\/#website\"},\"datePublished\":\"2018-08-31T18:24:32+00:00\",\"dateModified\":\"2020-06-10T17:11:45+00:00\",\"breadcrumb\":{\"@id\":\"https:\/\/redemco.com\/fr\/avis-juridique\/#breadcrumb\"},\"inLanguage\":\"fr-CA\",\"potentialAction\":[{\"@type\":\"ReadAction\",\"target\":[\"https:\/\/redemco.com\/fr\/avis-juridique\/\"]}]},{\"@type\":\"BreadcrumbList\",\"@id\":\"https:\/\/redemco.com\/fr\/avis-juridique\/#breadcrumb\",\"itemListElement\":[{\"@type\":\"ListItem\",\"position\":1,\"name\":\"Accueil\",\"item\":\"https:\/\/redemco.com\/fr\/\"},{\"@type\":\"ListItem\",\"position\":2,\"name\":\"Avis juridique\"}]},{\"@type\":\"WebSite\",\"@id\":\"https:\/\/redemco.com\/fr\/#website\",\"url\":\"https:\/\/redemco.com\/fr\/\",\"name\":\"REDEMCO\",\"description\":\"Solutions et programmes de remise innovants.\",\"potentialAction\":[{\"@type\":\"SearchAction\",\"target\":{\"@type\":\"EntryPoint\",\"urlTemplate\":\"https:\/\/redemco.com\/fr\/?s={search_term_string}\"},\"query-input\":{\"@type\":\"PropertyValueSpecification\",\"valueRequired\":true,\"valueName\":\"search_term_string\"}}],\"inLanguage\":\"fr-CA\"}]}<\/script>\n<!-- \/ Yoast SEO plugin. -->","yoast_head_json":{"title":"Avis juridique - REDEMCO","robots":{"index":"index","follow":"follow","max-snippet":"max-snippet:-1","max-image-preview":"max-image-preview:large","max-video-preview":"max-video-preview:-1"},"canonical":"https:\/\/redemco.com\/fr\/avis-juridique\/","og_locale":"fr_CA","og_type":"article","og_title":"Avis juridique - REDEMCO","og_url":"https:\/\/redemco.com\/fr\/avis-juridique\/","og_site_name":"REDEMCO","article_modified_time":"2020-06-10T17:11:45+00:00","twitter_card":"summary_large_image","twitter_misc":{"Estimation du temps de lecture":"7 minutes"},"schema":{"@context":"https:\/\/schema.org","@graph":[{"@type":"WebPage","@id":"https:\/\/redemco.com\/fr\/avis-juridique\/","url":"https:\/\/redemco.com\/fr\/avis-juridique\/","name":"Avis juridique - REDEMCO","isPartOf":{"@id":"https:\/\/redemco.com\/fr\/#website"},"datePublished":"2018-08-31T18:24:32+00:00","dateModified":"2020-06-10T17:11:45+00:00","breadcrumb":{"@id":"https:\/\/redemco.com\/fr\/avis-juridique\/#breadcrumb"},"inLanguage":"fr-CA","potentialAction":[{"@type":"ReadAction","target":["https:\/\/redemco.com\/fr\/avis-juridique\/"]}]},{"@type":"BreadcrumbList","@id":"https:\/\/redemco.com\/fr\/avis-juridique\/#breadcrumb","itemListElement":[{"@type":"ListItem","position":1,"name":"Accueil","item":"https:\/\/redemco.com\/fr\/"},{"@type":"ListItem","position":2,"name":"Avis juridique"}]},{"@type":"WebSite","@id":"https:\/\/redemco.com\/fr\/#website","url":"https:\/\/redemco.com\/fr\/","name":"REDEMCO","description":"Solutions et programmes de remise innovants.","potentialAction":[{"@type":"SearchAction","target":{"@type":"EntryPoint","urlTemplate":"https:\/\/redemco.com\/fr\/?s={search_term_string}"},"query-input":{"@type":"PropertyValueSpecification","valueRequired":true,"valueName":"search_term_string"}}],"inLanguage":"fr-CA"}]}},"_links":{"self":[{"href":"https:\/\/redemco.com\/fr\/wp-json\/wp\/v2\/pages\/30","targetHints":{"allow":["GET"]}}],"collection":[{"href":"https:\/\/redemco.com\/fr\/wp-json\/wp\/v2\/pages"}],"about":[{"href":"https:\/\/redemco.com\/fr\/wp-json\/wp\/v2\/types\/page"}],"author":[{"embeddable":true,"href":"https:\/\/redemco.com\/fr\/wp-json\/wp\/v2\/users\/1"}],"replies":[{"embeddable":true,"href":"https:\/\/redemco.com\/fr\/wp-json\/wp\/v2\/comments?post=30"}],"version-history":[{"count":12,"href":"https:\/\/redemco.com\/fr\/wp-json\/wp\/v2\/pages\/30\/revisions"}],"predecessor-version":[{"id":826,"href":"https:\/\/redemco.com\/fr\/wp-json\/wp\/v2\/pages\/30\/revisions\/826"}],"wp:attachment":[{"href":"https:\/\/redemco.com\/fr\/wp-json\/wp\/v2\/media?parent=30"}],"curies":[{"name":"wp","href":"https:\/\/api.w.org\/{rel}","templated":true}]}}