{"id":20,"date":"2018-08-31T14:21:52","date_gmt":"2018-08-31T18:21:52","guid":{"rendered":"https:\/\/redemco.com\/?page_id=20"},"modified":"2021-02-12T10:16:18","modified_gmt":"2021-02-12T15:16:18","slug":"secteurs-dactivite","status":"publish","type":"page","link":"https:\/\/redemco.com\/fr\/secteurs-dactivite\/","title":{"rendered":"Secteurs d&rsquo;activit\u00e9"},"content":{"rendered":"<p><div class=\"fusion-fullwidth fullwidth-box fusion-builder-row-1 nonhundred-percent-fullwidth non-hundred-percent-height-scrolling\" style=\"--awb-border-radius-top-left:0px;--awb-border-radius-top-right:0px;--awb-border-radius-bottom-right:0px;--awb-border-radius-bottom-left:0px;--awb-flex-wrap:wrap;\" ><div class=\"fusion-builder-row fusion-row\"><div class=\"fusion-layout-column fusion_builder_column fusion-builder-column-0 fusion_builder_column_1_1 1_1 fusion-one-full fusion-column-first fusion-column-last\" style=\"--awb-bg-size:cover;\"><div class=\"fusion-column-wrapper fusion-flex-column-wrapper-legacy\"><div class=\"fusion-title title fusion-title-1 fusion-title-text fusion-title-size-one\" style=\"--awb-margin-top-small:0px;--awb-margin-right-small:0px;--awb-margin-bottom-small:20px;--awb-margin-left-small:0px;\"><h1 class=\"fusion-title-heading title-heading-left fusion-responsive-typography-calculated\" style=\"margin:0;--fontSize:34;line-height:1.4;\">Secteurs d&rsquo;activit\u00e9<\/h1><span class=\"awb-title-spacer\"><\/span><div class=\"title-sep-container\"><div class=\"title-sep sep-single sep-solid\" style=\"border-color:#e0dede;\"><\/div><\/div><\/div><div class=\"fusion-text fusion-text-1\"><p><strong>Redemco est un joueur cl\u00e9 dans la gestion de programmes de remise, recouvrement et fid\u00e9lisation au Canada.<\/strong><\/p>\n<p>Nous proposons des <strong>solutions innovantes<\/strong> s&rsquo;int\u00e9grant bien \u00e0 la promotion des ventes dans le secteur du commerce de d\u00e9tail et \u00e0 toute autre entit\u00e9 d\u00e9sireuse d&rsquo;offrir un programme de compensation \u00e0 sa client\u00e8le.<\/p>\n<p>Notre positionnement strat\u00e9gique dans le march\u00e9 nous a permis de d\u00e9velopper et de mettre en place des <strong>proc\u00e9d\u00e9s novateurs<\/strong> qui nous distinguent de nos concurrents.<\/p>\n<\/div><div class=\"fusion-clearfix\"><\/div><\/div><\/div><\/div><\/div><div class=\"fusion-fullwidth fullwidth-box fusion-builder-row-2 nonhundred-percent-fullwidth non-hundred-percent-height-scrolling\" style=\"--awb-border-radius-top-left:0px;--awb-border-radius-top-right:0px;--awb-border-radius-bottom-right:0px;--awb-border-radius-bottom-left:0px;--awb-flex-wrap:wrap;\" ><div class=\"fusion-builder-row fusion-row\"><div class=\"fusion-layout-column fusion_builder_column fusion-builder-column-1 fusion_builder_column_1_1 1_1 fusion-one-full fusion-column-first fusion-column-last\" style=\"--awb-bg-size:cover;\"><div class=\"fusion-column-wrapper fusion-column-has-shadow fusion-flex-column-wrapper-legacy\"><div class=\"fusion-flip-boxes flip-boxes row fusion-columns-4 flip-effect-classic\" style=\"--awb-flip-duration:0.8s;\"><div class=\"fusion-flip-box-wrapper fusion-column col-lg-3 col-md-3 col-sm-3\"><div class=\"fusion-flip-box flip-right\" tabindex=\"0\"><div class=\"flip-box-inner-wrapper\"><div class=\"flip-box-front\"><div class=\"flip-box-front-inner\"><h2 class=\"flip-box-heading without-text\">Manufacturiers<\/h2><\/div><\/div><div class=\"flip-box-back\"><div class=\"flip-box-back-inner\">\n<h4><span style=\"color: #ffffff;\"><strong><a class=\"fusion-read-more\" style=\"color: #ffffff;\" href=\"https:\/\/redemco.com\/secteurs-dactivite\/manufacturiers\/\">Voir ce service<\/a><\/strong><\/span><\/h4>\n<\/div><\/div><\/div><\/div><\/div><div class=\"fusion-flip-box-wrapper fusion-column col-lg-3 col-md-3 col-sm-3\"><div class=\"fusion-flip-box flip-right\" tabindex=\"0\"><div class=\"flip-box-inner-wrapper\"><div class=\"flip-box-front\"><div class=\"flip-box-front-inner\"><h2 class=\"flip-box-heading without-text\">D\u00e9taillants<\/h2><\/div><\/div><div class=\"flip-box-back\"><div class=\"flip-box-back-inner\">\n<h3><span style=\"color: #ffffff;\"><strong><a class=\"fusion-read-more\" style=\"color: #ffffff;\" href=\"https:\/\/redemco.com\/secteurs-dactivite\/detaillants\/\">Voir ce service<\/a><\/strong><\/span><\/h3>\n<\/div><\/div><\/div><\/div><\/div><div class=\"fusion-flip-box-wrapper fusion-column col-lg-3 col-md-3 col-sm-3\"><div class=\"fusion-flip-box flip-right\" tabindex=\"0\"><div class=\"flip-box-inner-wrapper\"><div class=\"flip-box-front\"><div class=\"flip-box-front-inner\"><h2 class=\"flip-box-heading without-text\">Institutionnels<\/h2><\/div><\/div><div class=\"flip-box-back\"><div class=\"flip-box-back-inner\">\n<h3><span style=\"color: #ffffff;\"><strong><a class=\"fusion-read-more\" style=\"color: #ffffff;\" href=\"https:\/\/redemco.com\/secteurs-dactivite\/institutionnels\/\">Voir ce service<\/a><\/strong><\/span><\/h3>\n<\/div><\/div><\/div><\/div><\/div><div class=\"fusion-flip-box-wrapper fusion-column col-lg-3 col-md-3 col-sm-3\"><div class=\"fusion-flip-box flip-right\" tabindex=\"0\"><div class=\"flip-box-inner-wrapper\"><div class=\"flip-box-front\"><div class=\"flip-box-front-inner\"><h2 class=\"flip-box-heading without-text\">Agences marketing<\/h2><\/div><\/div><div class=\"flip-box-back\"><div class=\"flip-box-back-inner\">\n<h3><span style=\"color: #ffffff;\"><strong><a class=\"fusion-read-more\" style=\"color: #ffffff;\" href=\"https:\/\/redemco.com\/secteurs-dactivite\/agence-de-communication-et-marketing\/\">Voir ce service<\/a><\/strong><\/span><\/h3>\n<\/div><\/div><\/div><\/div><\/div><\/div><div class=\"clearfix\"><\/div><div class=\"fusion-clearfix\"><\/div><\/div><\/div><\/div><\/div><div class=\"fusion-fullwidth fullwidth-box fusion-builder-row-3 fusion-parallax-none nonhundred-percent-fullwidth non-hundred-percent-height-scrolling\" style=\"--awb-background-blend-mode:overlay;--awb-border-radius-top-left:0px;--awb-border-radius-top-right:0px;--awb-border-radius-bottom-right:0px;--awb-border-radius-bottom-left:0px;--awb-margin-bottom:80px;--awb-background-color:rgba(0,0,0,0.07);--awb-background-image:url(&quot;https:\/\/redemco.com\/wp-content\/uploads\/2020\/06\/rendez-vous2-1.jpg&quot;);--awb-background-size:cover;--awb-flex-wrap:wrap;\" ><div class=\"fusion-builder-row fusion-row\"><div class=\"fusion-layout-column fusion_builder_column fusion-builder-column-2 fusion_builder_column_4_5 4_5 fusion-four-fifth fusion-column-first fusion-animated\" style=\"--awb-padding-left:50px;--awb-bg-size:cover;--awb-margin-top:60px;--awb-margin-bottom:60px;width:80%;width:calc(80% - ( ( 4% ) * 0.8 ) );margin-right: 4%;\" data-animationType=\"fadeInLeft\" data-animationDuration=\"0.5\" data-animationOffset=\"top-into-view\"><div class=\"fusion-column-wrapper fusion-column-has-shadow fusion-flex-column-wrapper-legacy\"><div class=\"fusion-text fusion-text-2\"><h2 data-fontsize=\"22\" data-lineheight=\"33\"><span style=\"color: #000000;\">Besoin de plus d\u2019informations sur nos services?<\/span><\/h2>\n<\/div><div class=\"fusion-button-wrapper\"><a class=\"fusion-button button-flat fusion-button-default-size button-default fusion-button-default button-1 fusion-button-default-span fusion-button-default-type\" target=\"_self\" href=\"https:\/\/redemco.com\/contactez-nous\/\"><span class=\"fusion-button-text awb-button__text awb-button__text--default\">Planifier un un appel avec nous!<\/span><\/a><\/div><div class=\"fusion-clearfix\"><\/div><\/div><\/div><\/div><\/div>\n<div class=\"fusion-fullwidth fullwidth-box fusion-builder-row-4 nonhundred-percent-fullwidth non-hundred-percent-height-scrolling\" style=\"--awb-border-radius-top-left:0px;--awb-border-radius-top-right:0px;--awb-border-radius-bottom-right:0px;--awb-border-radius-bottom-left:0px;--awb-flex-wrap:wrap;\" ><div class=\"fusion-builder-row fusion-row\"><div class=\"fusion-layout-column fusion_builder_column fusion-builder-column-3 fusion_builder_column_1_1 1_1 fusion-one-full fusion-column-first fusion-column-last\" style=\"--awb-bg-size:cover;\"><div class=\"fusion-column-wrapper fusion-column-has-shadow fusion-flex-column-wrapper-legacy\"><div class=\"fusion-title title fusion-title-2 fusion-title-text fusion-title-size-two\" style=\"--awb-margin-top-small:0px;--awb-margin-right-small:0px;--awb-margin-bottom-small:20px;--awb-margin-left-small:0px;\"><h2 class=\"fusion-title-heading title-heading-left fusion-responsive-typography-calculated\" style=\"margin:0;--fontSize:24;line-height:1.5;\">Autres services compl\u00e9mentaires :<\/h2><span class=\"awb-title-spacer\"><\/span><div class=\"title-sep-container\"><div class=\"title-sep sep-single sep-solid\" style=\"border-color:#e0dede;\"><\/div><\/div><\/div><div class=\"fusion-clearfix\"><\/div><\/div><\/div><div class=\"fusion-layout-column fusion_builder_column fusion-builder-column-4 fusion_builder_column_1_2 1_2 fusion-one-half fusion-column-first\" style=\"--awb-bg-size:cover;width:50%;width:calc(50% - ( ( 4% ) * 0.5 ) );margin-right: 4%;\"><div class=\"fusion-column-wrapper fusion-column-has-shadow fusion-flex-column-wrapper-legacy\"><div class=\"accordian fusion-accordian\" style=\"--awb-border-size:1px;--awb-icon-size:13px;--awb-content-font-size:16px;--awb-icon-alignment:left;--awb-hover-color:#f9f9f9;--awb-border-color:#cccccc;--awb-background-color:#ffffff;--awb-divider-color:#e0dede;--awb-divider-hover-color:#e0dede;--awb-icon-color:#ffffff;--awb-title-color:#a0ce4e;--awb-content-color:#474747;--awb-icon-box-color:#333333;--awb-toggle-hover-accent-color:#a0ce4e;--awb-title-font-family:&quot;Oswald&quot;;--awb-title-font-weight:400;--awb-title-font-style:normal;--awb-title-font-size:16px;--awb-title-line-height:1.5;--awb-content-font-family:&quot;Noto Sans&quot;;--awb-content-font-style:normal;--awb-content-font-weight:400;\"><div class=\"panel-group fusion-toggle-icon-boxed\" id=\"accordion-20-1\"><div class=\"fusion-panel panel-default panel-fa9adcbc13ef90592 fusion-toggle-has-divider\"><div class=\"panel-heading\"><h4 class=\"panel-title toggle\" id=\"toggle_fa9adcbc13ef90592\"><a aria-expanded=\"false\" aria-controls=\"fa9adcbc13ef90592\" role=\"button\" data-toggle=\"collapse\" data-parent=\"#accordion-20-1\" data-target=\"#fa9adcbc13ef90592\" href=\"#fa9adcbc13ef90592\"><span class=\"fusion-toggle-icon-wrapper\" aria-hidden=\"true\"><i class=\"fa-fusion-box active-icon awb-icon-minus\" aria-hidden=\"true\"><\/i><i class=\"fa-fusion-box inactive-icon awb-icon-plus\" aria-hidden=\"true\"><\/i><\/span><span class=\"fusion-toggle-heading\">Strat\u00e9gies num\u00e9riques<\/span><\/a><\/h4><\/div><div id=\"fa9adcbc13ef90592\" class=\"panel-collapse collapse \" aria-labelledby=\"toggle_fa9adcbc13ef90592\"><div class=\"panel-body toggle-content fusion-clearfix\">\n<p><a href=\"https:\/\/redemco.com\/programmes-de-rabais\/strategies-numeriques\/solutions-numeriques-aux-detaillants\/\">&#8211; Solutions num\u00e9riques aux d\u00e9taillants<\/a><br \/>\n<a href=\"https:\/\/redemco.com\/programmes-de-rabais\/strategies-numeriques\/systeme-de-tracabilite\/\">&#8211; Syst\u00e8me de tra\u00e7abilit\u00e9<\/a><br \/>\n<a href=\"https:\/\/redemco.com\/programmes-de-rabais\/strategies-numeriques\/concours-en-ligne\/\">&#8211; Concours en ligne<\/a><\/p>\n<\/div><\/div><\/div><div class=\"fusion-panel panel-default panel-ca157fd14a054ac41 fusion-toggle-has-divider\"><div class=\"panel-heading\"><h4 class=\"panel-title toggle\" id=\"toggle_ca157fd14a054ac41\"><a aria-expanded=\"false\" aria-controls=\"ca157fd14a054ac41\" role=\"button\" data-toggle=\"collapse\" data-parent=\"#accordion-20-1\" data-target=\"#ca157fd14a054ac41\" href=\"#ca157fd14a054ac41\"><span class=\"fusion-toggle-icon-wrapper\" aria-hidden=\"true\"><i class=\"fa-fusion-box active-icon awb-icon-minus\" aria-hidden=\"true\"><\/i><i class=\"fa-fusion-box inactive-icon awb-icon-plus\" aria-hidden=\"true\"><\/i><\/span><span class=\"fusion-toggle-heading\">Analyse de donn\u00e9es et strat\u00e9gies promotionnelles<\/span><\/a><\/h4><\/div><div id=\"ca157fd14a054ac41\" class=\"panel-collapse collapse \" aria-labelledby=\"toggle_ca157fd14a054ac41\"><div class=\"panel-body toggle-content fusion-clearfix\">\n<p><a href=\"https:\/\/redemco.com\/programmes-de-rabais\/analyse-de-donnees-et-strategies-promotionnelles\/\">&#8211; Analyse de donn\u00e9es et strat\u00e9gies promotionnelles<\/a><\/p>\n<\/div><\/div><\/div><div class=\"fusion-panel panel-default panel-8c1738bcb77ff27a3 fusion-toggle-has-divider\"><div class=\"panel-heading\"><h4 class=\"panel-title toggle\" id=\"toggle_8c1738bcb77ff27a3\"><a aria-expanded=\"false\" aria-controls=\"8c1738bcb77ff27a3\" role=\"button\" data-toggle=\"collapse\" data-parent=\"#accordion-20-1\" data-target=\"#8c1738bcb77ff27a3\" href=\"#8c1738bcb77ff27a3\"><span class=\"fusion-toggle-icon-wrapper\" aria-hidden=\"true\"><i class=\"fa-fusion-box active-icon awb-icon-minus\" aria-hidden=\"true\"><\/i><i class=\"fa-fusion-box inactive-icon awb-icon-plus\" aria-hidden=\"true\"><\/i><\/span><span class=\"fusion-toggle-heading\">Programmes de remise et offres postales<\/span><\/a><\/h4><\/div><div id=\"8c1738bcb77ff27a3\" class=\"panel-collapse collapse \" aria-labelledby=\"toggle_8c1738bcb77ff27a3\"><div class=\"panel-body toggle-content fusion-clearfix\"><a href=\"https:\/\/redemco.com\/programmes-de-rabais\/programmes-de-remise-et-offres-postales\/programme-postal\/\">&#8211; Programme postal<\/a><br \/>\n<a href=\"https:\/\/redemco.com\/programmes-de-rabais\/programmes-de-remise-et-offres-postales\/programme-en-ligne\/\">&#8211; Programme en ligne<\/a><\/div><\/div><\/div><div class=\"fusion-panel panel-default panel-db8c56bd205d169a6 fusion-toggle-has-divider\"><div class=\"panel-heading\"><h4 class=\"panel-title toggle\" id=\"toggle_db8c56bd205d169a6\"><a aria-expanded=\"false\" aria-controls=\"db8c56bd205d169a6\" role=\"button\" data-toggle=\"collapse\" data-parent=\"#accordion-20-1\" data-target=\"#db8c56bd205d169a6\" href=\"#db8c56bd205d169a6\"><span class=\"fusion-toggle-icon-wrapper\" aria-hidden=\"true\"><i class=\"fa-fusion-box active-icon awb-icon-minus\" aria-hidden=\"true\"><\/i><i class=\"fa-fusion-box inactive-icon awb-icon-plus\" aria-hidden=\"true\"><\/i><\/span><span class=\"fusion-toggle-heading\">Gestion de coupons rabais<\/span><\/a><\/h4><\/div><div id=\"db8c56bd205d169a6\" class=\"panel-collapse collapse \" aria-labelledby=\"toggle_db8c56bd205d169a6\"><div class=\"panel-body toggle-content fusion-clearfix\">\n<p><a href=\"https:\/\/redemco.com\/programmes-de-rabais\/gestion-de-coupon-rabais\/service-de-remboursement\/\">&#8211; Service de remboursement<\/a><br \/>\n<a href=\"https:\/\/redemco.com\/programmes-de-rabais\/gestion-de-coupon-rabais\/service-de-tri\/\">&#8211; Service de tri<\/a><\/p>\n<\/div><\/div><\/div><div class=\"fusion-panel panel-default panel-f2338368618319598 fusion-toggle-has-divider\"><div class=\"panel-heading\"><h4 class=\"panel-title toggle\" id=\"toggle_f2338368618319598\"><a aria-expanded=\"false\" aria-controls=\"f2338368618319598\" role=\"button\" data-toggle=\"collapse\" data-parent=\"#accordion-20-1\" data-target=\"#f2338368618319598\" href=\"#f2338368618319598\"><span class=\"fusion-toggle-icon-wrapper\" aria-hidden=\"true\"><i class=\"fa-fusion-box active-icon awb-icon-minus\" aria-hidden=\"true\"><\/i><i class=\"fa-fusion-box inactive-icon awb-icon-plus\" aria-hidden=\"true\"><\/i><\/span><span class=\"fusion-toggle-heading\">Service d'\u00e9mission de coupons rabais<\/span><\/a><\/h4><\/div><div id=\"f2338368618319598\" class=\"panel-collapse collapse \" aria-labelledby=\"toggle_f2338368618319598\"><div class=\"panel-body toggle-content fusion-clearfix\">\n<p><a href=\"https:\/\/redemco.com\/programmes-de-rabais\/service-demission-de-coupons-rabais\/coupons-personnalises-avec-systeme-de-tracabilite\/\">&#8211; Coupons personnalis\u00e9s avec syst\u00e8me de tra\u00e7abilit\u00e9<\/a><br \/>\n<a href=\"https:\/\/redemco.com\/programmes-de-rabais\/service-demission-de-coupons-rabais\/service-dimpression-de-coupons-traditionnels\/\">&#8211; Service d&rsquo;impression de coupons traditionnels<\/a><\/p>\n<\/div><\/div><\/div><\/div><\/div><div class=\"fusion-clearfix\"><\/div><\/div><\/div><div class=\"fusion-layout-column fusion_builder_column fusion-builder-column-5 fusion_builder_column_1_2 1_2 fusion-one-half fusion-column-last\" style=\"--awb-bg-size:cover;width:50%;width:calc(50% - ( ( 4% ) * 0.5 ) );\"><div class=\"fusion-column-wrapper fusion-column-has-shadow fusion-flex-column-wrapper-legacy\"><div class=\"accordian fusion-accordian\" style=\"--awb-border-size:1px;--awb-icon-size:13px;--awb-content-font-size:16px;--awb-icon-alignment:left;--awb-hover-color:#f9f9f9;--awb-border-color:#cccccc;--awb-background-color:#ffffff;--awb-divider-color:#e0dede;--awb-divider-hover-color:#e0dede;--awb-icon-color:#ffffff;--awb-title-color:#a0ce4e;--awb-content-color:#474747;--awb-icon-box-color:#333333;--awb-toggle-hover-accent-color:#a0ce4e;--awb-title-font-family:&quot;Oswald&quot;;--awb-title-font-weight:400;--awb-title-font-style:normal;--awb-title-font-size:16px;--awb-title-line-height:1.5;--awb-content-font-family:&quot;Noto Sans&quot;;--awb-content-font-style:normal;--awb-content-font-weight:400;\"><div class=\"panel-group fusion-toggle-icon-boxed\" id=\"accordion-20-2\"><div class=\"fusion-panel panel-default panel-750c26781110684f1 fusion-toggle-has-divider\"><div class=\"panel-heading\"><h4 class=\"panel-title toggle\" id=\"toggle_750c26781110684f1\"><a aria-expanded=\"false\" aria-controls=\"750c26781110684f1\" role=\"button\" data-toggle=\"collapse\" data-parent=\"#accordion-20-2\" data-target=\"#750c26781110684f1\" href=\"#750c26781110684f1\"><span class=\"fusion-toggle-icon-wrapper\" aria-hidden=\"true\"><i class=\"fa-fusion-box active-icon awb-icon-minus\" aria-hidden=\"true\"><\/i><i class=\"fa-fusion-box inactive-icon awb-icon-plus\" aria-hidden=\"true\"><\/i><\/span><span class=\"fusion-toggle-heading\">Programmes de r\u00e9compenses\/fid\u00e9lit\u00e9<\/span><\/a><\/h4><\/div><div id=\"750c26781110684f1\" class=\"panel-collapse collapse \" aria-labelledby=\"toggle_750c26781110684f1\"><div class=\"panel-body toggle-content fusion-clearfix\">\n<p><a href=\"https:\/\/redemco.com\/programmes-de-rabais\/programmes-de-recompenses-fidelite\/\">&#8211; Programmes de r\u00e9compenses\/fid\u00e9lit\u00e9<\/a><\/p>\n<\/div><\/div><\/div><div class=\"fusion-panel panel-default panel-f886b8e54228044ef fusion-toggle-has-divider\"><div class=\"panel-heading\"><h4 class=\"panel-title toggle\" id=\"toggle_f886b8e54228044ef\"><a aria-expanded=\"false\" aria-controls=\"f886b8e54228044ef\" role=\"button\" data-toggle=\"collapse\" data-parent=\"#accordion-20-2\" data-target=\"#f886b8e54228044ef\" href=\"#f886b8e54228044ef\"><span class=\"fusion-toggle-icon-wrapper\" aria-hidden=\"true\"><i class=\"fa-fusion-box active-icon awb-icon-minus\" aria-hidden=\"true\"><\/i><i class=\"fa-fusion-box inactive-icon awb-icon-plus\" aria-hidden=\"true\"><\/i><\/span><span class=\"fusion-toggle-heading\">Gestion de programmes de subvention<\/span><\/a><\/h4><\/div><div id=\"f886b8e54228044ef\" class=\"panel-collapse collapse \" aria-labelledby=\"toggle_f886b8e54228044ef\"><div class=\"panel-body toggle-content fusion-clearfix\">\n<p><a href=\"https:\/\/redemco.com\/programmes-de-gestion\/gestion-de-programmes-de-subvention\/\">&#8211; Gestion de programmes de subvention<\/a><\/p>\n<\/div><\/div><\/div><div class=\"fusion-panel panel-default panel-0cbba4ec401fbd2e2 fusion-toggle-has-divider\"><div class=\"panel-heading\"><h4 class=\"panel-title toggle\" id=\"toggle_0cbba4ec401fbd2e2\"><a aria-expanded=\"false\" aria-controls=\"0cbba4ec401fbd2e2\" role=\"button\" data-toggle=\"collapse\" data-parent=\"#accordion-20-2\" data-target=\"#0cbba4ec401fbd2e2\" href=\"#0cbba4ec401fbd2e2\"><span class=\"fusion-toggle-icon-wrapper\" aria-hidden=\"true\"><i class=\"fa-fusion-box active-icon awb-icon-minus\" aria-hidden=\"true\"><\/i><i class=\"fa-fusion-box inactive-icon awb-icon-plus\" aria-hidden=\"true\"><\/i><\/span><span class=\"fusion-toggle-heading\">Gestion de programmes d'assurance<\/span><\/a><\/h4><\/div><div id=\"0cbba4ec401fbd2e2\" class=\"panel-collapse collapse \" aria-labelledby=\"toggle_0cbba4ec401fbd2e2\"><div class=\"panel-body toggle-content fusion-clearfix\">\n<p><a href=\"https:\/\/redemco.com\/programmes-de-gestion\/gestion-de-programmes-dassurance\/\">&#8211; Gestion de programmes d&rsquo;assurance<\/a><\/p>\n<\/div><\/div><\/div><div class=\"fusion-panel panel-default panel-618d02cb44da61f01 fusion-toggle-has-divider\"><div class=\"panel-heading\"><h4 class=\"panel-title toggle\" id=\"toggle_618d02cb44da61f01\"><a aria-expanded=\"false\" aria-controls=\"618d02cb44da61f01\" role=\"button\" data-toggle=\"collapse\" data-parent=\"#accordion-20-2\" data-target=\"#618d02cb44da61f01\" href=\"#618d02cb44da61f01\"><span class=\"fusion-toggle-icon-wrapper\" aria-hidden=\"true\"><i class=\"fa-fusion-box active-icon awb-icon-minus\" aria-hidden=\"true\"><\/i><i class=\"fa-fusion-box inactive-icon awb-icon-plus\" aria-hidden=\"true\"><\/i><\/span><span class=\"fusion-toggle-heading\">Soutien administratif externe<\/span><\/a><\/h4><\/div><div id=\"618d02cb44da61f01\" class=\"panel-collapse collapse \" aria-labelledby=\"toggle_618d02cb44da61f01\"><div class=\"panel-body toggle-content fusion-clearfix\">\n<p><a href=\"https:\/\/redemco.com\/programmes-de-recouvrement\/soutient-administratif-externe\/\">&#8211; Soutien administratif externe<\/a><\/p>\n<\/div><\/div><\/div><\/div><\/div><div class=\"fusion-clearfix\"><\/div><\/div><\/div><\/div><\/div><\/p>\n","protected":false},"excerpt":{"rendered":"","protected":false},"author":1,"featured_media":0,"parent":0,"menu_order":5,"comment_status":"closed","ping_status":"closed","template":"","meta":{"footnotes":""},"class_list":["post-20","page","type-page","status-publish","hentry"],"yoast_head":"<!-- This site is optimized with the Yoast SEO plugin v27.2 - https:\/\/yoast.com\/product\/yoast-seo-wordpress\/ -->\n<title>Secteurs d&#039;activit\u00e9 - REDEMCO<\/title>\n<meta name=\"robots\" content=\"index, follow, max-snippet:-1, max-image-preview:large, max-video-preview:-1\" \/>\n<link rel=\"canonical\" href=\"https:\/\/redemco.com\/fr\/secteurs-dactivite\/\" \/>\n<meta property=\"og:locale\" content=\"fr_CA\" \/>\n<meta property=\"og:type\" content=\"article\" \/>\n<meta property=\"og:title\" content=\"Secteurs d&#039;activit\u00e9 - REDEMCO\" \/>\n<meta property=\"og:url\" content=\"https:\/\/redemco.com\/fr\/secteurs-dactivite\/\" \/>\n<meta property=\"og:site_name\" content=\"REDEMCO\" \/>\n<meta property=\"article:modified_time\" content=\"2021-02-12T15:16:18+00:00\" \/>\n<meta name=\"twitter:card\" content=\"summary_large_image\" \/>\n<meta name=\"twitter:label1\" content=\"Estimation du temps de lecture\" \/>\n\t<meta name=\"twitter:data1\" content=\"9 minutes\" \/>\n<script type=\"application\/ld+json\" class=\"yoast-schema-graph\">{\"@context\":\"https:\/\/schema.org\",\"@graph\":[{\"@type\":\"WebPage\",\"@id\":\"https:\/\/redemco.com\/fr\/secteurs-dactivite\/\",\"url\":\"https:\/\/redemco.com\/fr\/secteurs-dactivite\/\",\"name\":\"Secteurs d'activit\u00e9 - REDEMCO\",\"isPartOf\":{\"@id\":\"https:\/\/redemco.com\/fr\/#website\"},\"datePublished\":\"2018-08-31T18:21:52+00:00\",\"dateModified\":\"2021-02-12T15:16:18+00:00\",\"breadcrumb\":{\"@id\":\"https:\/\/redemco.com\/fr\/secteurs-dactivite\/#breadcrumb\"},\"inLanguage\":\"fr-CA\",\"potentialAction\":[{\"@type\":\"ReadAction\",\"target\":[\"https:\/\/redemco.com\/fr\/secteurs-dactivite\/\"]}]},{\"@type\":\"BreadcrumbList\",\"@id\":\"https:\/\/redemco.com\/fr\/secteurs-dactivite\/#breadcrumb\",\"itemListElement\":[{\"@type\":\"ListItem\",\"position\":1,\"name\":\"Accueil\",\"item\":\"https:\/\/redemco.com\/fr\/\"},{\"@type\":\"ListItem\",\"position\":2,\"name\":\"Secteurs d&rsquo;activit\u00e9\"}]},{\"@type\":\"WebSite\",\"@id\":\"https:\/\/redemco.com\/fr\/#website\",\"url\":\"https:\/\/redemco.com\/fr\/\",\"name\":\"REDEMCO\",\"description\":\"Solutions et programmes de remise innovants.\",\"potentialAction\":[{\"@type\":\"SearchAction\",\"target\":{\"@type\":\"EntryPoint\",\"urlTemplate\":\"https:\/\/redemco.com\/fr\/?s={search_term_string}\"},\"query-input\":{\"@type\":\"PropertyValueSpecification\",\"valueRequired\":true,\"valueName\":\"search_term_string\"}}],\"inLanguage\":\"fr-CA\"}]}<\/script>\n<!-- \/ Yoast SEO plugin. -->","yoast_head_json":{"title":"Secteurs d'activit\u00e9 - REDEMCO","robots":{"index":"index","follow":"follow","max-snippet":"max-snippet:-1","max-image-preview":"max-image-preview:large","max-video-preview":"max-video-preview:-1"},"canonical":"https:\/\/redemco.com\/fr\/secteurs-dactivite\/","og_locale":"fr_CA","og_type":"article","og_title":"Secteurs d'activit\u00e9 - REDEMCO","og_url":"https:\/\/redemco.com\/fr\/secteurs-dactivite\/","og_site_name":"REDEMCO","article_modified_time":"2021-02-12T15:16:18+00:00","twitter_card":"summary_large_image","twitter_misc":{"Estimation du temps de lecture":"9 minutes"},"schema":{"@context":"https:\/\/schema.org","@graph":[{"@type":"WebPage","@id":"https:\/\/redemco.com\/fr\/secteurs-dactivite\/","url":"https:\/\/redemco.com\/fr\/secteurs-dactivite\/","name":"Secteurs d'activit\u00e9 - REDEMCO","isPartOf":{"@id":"https:\/\/redemco.com\/fr\/#website"},"datePublished":"2018-08-31T18:21:52+00:00","dateModified":"2021-02-12T15:16:18+00:00","breadcrumb":{"@id":"https:\/\/redemco.com\/fr\/secteurs-dactivite\/#breadcrumb"},"inLanguage":"fr-CA","potentialAction":[{"@type":"ReadAction","target":["https:\/\/redemco.com\/fr\/secteurs-dactivite\/"]}]},{"@type":"BreadcrumbList","@id":"https:\/\/redemco.com\/fr\/secteurs-dactivite\/#breadcrumb","itemListElement":[{"@type":"ListItem","position":1,"name":"Accueil","item":"https:\/\/redemco.com\/fr\/"},{"@type":"ListItem","position":2,"name":"Secteurs d&rsquo;activit\u00e9"}]},{"@type":"WebSite","@id":"https:\/\/redemco.com\/fr\/#website","url":"https:\/\/redemco.com\/fr\/","name":"REDEMCO","description":"Solutions et programmes de remise innovants.","potentialAction":[{"@type":"SearchAction","target":{"@type":"EntryPoint","urlTemplate":"https:\/\/redemco.com\/fr\/?s={search_term_string}"},"query-input":{"@type":"PropertyValueSpecification","valueRequired":true,"valueName":"search_term_string"}}],"inLanguage":"fr-CA"}]}},"_links":{"self":[{"href":"https:\/\/redemco.com\/fr\/wp-json\/wp\/v2\/pages\/20","targetHints":{"allow":["GET"]}}],"collection":[{"href":"https:\/\/redemco.com\/fr\/wp-json\/wp\/v2\/pages"}],"about":[{"href":"https:\/\/redemco.com\/fr\/wp-json\/wp\/v2\/types\/page"}],"author":[{"embeddable":true,"href":"https:\/\/redemco.com\/fr\/wp-json\/wp\/v2\/users\/1"}],"replies":[{"embeddable":true,"href":"https:\/\/redemco.com\/fr\/wp-json\/wp\/v2\/comments?post=20"}],"version-history":[{"count":26,"href":"https:\/\/redemco.com\/fr\/wp-json\/wp\/v2\/pages\/20\/revisions"}],"predecessor-version":[{"id":2685,"href":"https:\/\/redemco.com\/fr\/wp-json\/wp\/v2\/pages\/20\/revisions\/2685"}],"wp:attachment":[{"href":"https:\/\/redemco.com\/fr\/wp-json\/wp\/v2\/media?parent=20"}],"curies":[{"name":"wp","href":"https:\/\/api.w.org\/{rel}","templated":true}]}}