{"id":122,"date":"2018-09-04T14:16:54","date_gmt":"2018-09-04T18:16:54","guid":{"rendered":"https:\/\/redemco.com\/?page_id=122"},"modified":"2021-02-12T10:22:30","modified_gmt":"2021-02-12T15:22:30","slug":"agences-marketing","status":"publish","type":"page","link":"https:\/\/redemco.com\/fr\/secteurs-dactivite\/agences-marketing\/","title":{"rendered":"Agences marketing"},"content":{"rendered":"<p><div class=\"fusion-fullwidth fullwidth-box fusion-builder-row-1 nonhundred-percent-fullwidth non-hundred-percent-height-scrolling\" style=\"--awb-border-radius-top-left:0px;--awb-border-radius-top-right:0px;--awb-border-radius-bottom-right:0px;--awb-border-radius-bottom-left:0px;--awb-flex-wrap:wrap;\" ><div class=\"fusion-builder-row fusion-row\"><div class=\"fusion-layout-column fusion_builder_column fusion-builder-column-0 fusion_builder_column_4_5 4_5 fusion-four-fifth fusion-column-first\" style=\"--awb-bg-size:cover;width:80%;width:calc(80% - ( ( 4% ) * 0.8 ) );margin-right: 4%;\"><div class=\"fusion-column-wrapper fusion-flex-column-wrapper-legacy\"><div class=\"fusion-title title fusion-title-1 fusion-title-text fusion-title-size-one\" style=\"--awb-margin-top-small:0px;--awb-margin-right-small:0px;--awb-margin-bottom-small:20px;--awb-margin-left-small:0px;\"><h1 class=\"fusion-title-heading title-heading-left fusion-responsive-typography-calculated\" style=\"margin:0;--fontSize:34;line-height:1.4;\">\u200bAgences marketing<\/h1><span class=\"awb-title-spacer\"><\/span><div class=\"title-sep-container\"><div class=\"title-sep sep-single sep-solid\" style=\"border-color:#e0dede;\"><\/div><\/div><\/div><div class=\"fusion-text fusion-text-1\"><p>Redemco est votre partenaire id\u00e9al pour la r\u00e9ussite de votre campagne marketing. Nous travaillons conjointement avec les agences de communication et marketing en proposant des solutions innovantes qui plairont \u00e0 vos clients.<\/p>\n<h2><\/h2>\n<h2>Nos solutions adapt\u00e9es \u00e0 vos strat\u00e9gies<\/h2>\n<p>Notre vaste gamme de services s\u2019imbrique parfaitement \u00e0 vos diverses strat\u00e9gies marketing. \u00c0 l&rsquo;\u00e8re du num\u00e9rique, nous avons d\u00e9velopp\u00e9 diverses solutions permettant de bonifier chaque projet. Notre grande flexibilit\u00e9 nous permet de nous adapter rapidement \u00e0 divers sc\u00e9narios et d&rsquo;offrir \u00e9galement du \u00ab\u00a0sur mesure\u00a0\u00bb.<\/p>\n<p>Nous adorons relever des d\u00e9fis et mettre \u00e0 contribution notre grande exp\u00e9rience.<\/p>\n<p><strong>Faites de Redemco votre alli\u00e9 dans la planification et la r\u00e9alisation de vos campagnes marketing.<\/strong><\/p>\n<p>N&rsquo;h\u00e9sitez pas \u00e0 communiquer avec nous afin d&rsquo;avoir plus d&rsquo;informations sur nos services !<\/p>\n<\/div><div class=\"fusion-clearfix\"><\/div><\/div><\/div><\/div><\/div><div class=\"fusion-fullwidth fullwidth-box fusion-builder-row-2 fusion-parallax-none nonhundred-percent-fullwidth non-hundred-percent-height-scrolling\" style=\"--awb-background-blend-mode:overlay;--awb-border-radius-top-left:0px;--awb-border-radius-top-right:0px;--awb-border-radius-bottom-right:0px;--awb-border-radius-bottom-left:0px;--awb-margin-bottom:80px;--awb-background-color:rgba(0,0,0,0.07);--awb-background-image:url(&quot;https:\/\/redemco.com\/wp-content\/uploads\/2020\/06\/rendez-vous2-1.jpg&quot;);--awb-background-size:cover;--awb-flex-wrap:wrap;\" ><div class=\"fusion-builder-row fusion-row\"><div class=\"fusion-layout-column fusion_builder_column fusion-builder-column-1 fusion_builder_column_4_5 4_5 fusion-four-fifth fusion-column-first fusion-animated\" style=\"--awb-padding-left:50px;--awb-bg-size:cover;--awb-margin-top:60px;--awb-margin-bottom:60px;width:80%;width:calc(80% - ( ( 4% ) * 0.8 ) );margin-right: 4%;\" data-animationType=\"fadeInLeft\" data-animationDuration=\"0.5\" data-animationOffset=\"top-into-view\"><div class=\"fusion-column-wrapper fusion-column-has-shadow fusion-flex-column-wrapper-legacy\"><div class=\"fusion-text fusion-text-2\"><h2 data-fontsize=\"22\" data-lineheight=\"33\"><span style=\"color: #000000;\">Besoin de plus d\u2019informations sur nos services?<\/span><\/h2>\n<\/div><div class=\"fusion-button-wrapper\"><a class=\"fusion-button button-flat fusion-button-default-size button-default fusion-button-default button-1 fusion-button-default-span fusion-button-default-type\" target=\"_self\" href=\"https:\/\/redemco.com\/contactez-nous\/\"><span class=\"fusion-button-text awb-button__text awb-button__text--default\">Planifier un un appel avec nous!<\/span><\/a><\/div><div class=\"fusion-clearfix\"><\/div><\/div><\/div><\/div><\/div>\n<div class=\"fusion-fullwidth fullwidth-box fusion-builder-row-3 nonhundred-percent-fullwidth non-hundred-percent-height-scrolling\" style=\"--awb-border-radius-top-left:0px;--awb-border-radius-top-right:0px;--awb-border-radius-bottom-right:0px;--awb-border-radius-bottom-left:0px;--awb-flex-wrap:wrap;\" ><div class=\"fusion-builder-row fusion-row\"><div class=\"fusion-layout-column fusion_builder_column fusion-builder-column-2 fusion_builder_column_1_1 1_1 fusion-one-full fusion-column-first fusion-column-last\" style=\"--awb-bg-size:cover;\"><div class=\"fusion-column-wrapper fusion-column-has-shadow fusion-flex-column-wrapper-legacy\"><div class=\"fusion-title title fusion-title-2 fusion-title-text fusion-title-size-two\" style=\"--awb-margin-top-small:0px;--awb-margin-right-small:0px;--awb-margin-bottom-small:20px;--awb-margin-left-small:0px;\"><h2 class=\"fusion-title-heading title-heading-left fusion-responsive-typography-calculated\" style=\"margin:0;--fontSize:24;line-height:1.5;\">\u200bD\u00e9couvrez les services offerts pour les Agences Marketing<\/h2><span class=\"awb-title-spacer\"><\/span><div class=\"title-sep-container\"><div class=\"title-sep sep-single sep-solid\" style=\"border-color:#e0dede;\"><\/div><\/div><\/div><div class=\"fusion-clearfix\"><\/div><\/div><\/div><div class=\"fusion-layout-column fusion_builder_column fusion-builder-column-3 fusion_builder_column_1_2 1_2 fusion-one-half fusion-column-first\" style=\"--awb-bg-size:cover;width:50%;width:calc(50% - ( ( 4% ) * 0.5 ) );margin-right: 4%;\"><div class=\"fusion-column-wrapper fusion-column-has-shadow fusion-flex-column-wrapper-legacy\"><div class=\"accordian fusion-accordian\" style=\"--awb-border-size:1px;--awb-icon-size:13px;--awb-content-font-size:16px;--awb-icon-alignment:left;--awb-hover-color:#f9f9f9;--awb-border-color:#cccccc;--awb-background-color:#ffffff;--awb-divider-color:#e0dede;--awb-divider-hover-color:#e0dede;--awb-icon-color:#ffffff;--awb-title-color:#a0ce4e;--awb-content-color:#474747;--awb-icon-box-color:#333333;--awb-toggle-hover-accent-color:#a0ce4e;--awb-title-font-family:&quot;Oswald&quot;;--awb-title-font-weight:400;--awb-title-font-style:normal;--awb-title-font-size:16px;--awb-title-line-height:1.5;--awb-content-font-family:&quot;Noto Sans&quot;;--awb-content-font-style:normal;--awb-content-font-weight:400;\"><div class=\"panel-group fusion-toggle-icon-boxed\" id=\"accordion-122-1\"><div class=\"fusion-panel panel-default panel-d1f4f0610b03c48ea fusion-toggle-has-divider\"><div class=\"panel-heading\"><h4 class=\"panel-title toggle\" id=\"toggle_d1f4f0610b03c48ea\"><a aria-expanded=\"false\" aria-controls=\"d1f4f0610b03c48ea\" role=\"button\" data-toggle=\"collapse\" data-parent=\"#accordion-122-1\" data-target=\"#d1f4f0610b03c48ea\" href=\"#d1f4f0610b03c48ea\"><span class=\"fusion-toggle-icon-wrapper\" aria-hidden=\"true\"><i class=\"fa-fusion-box active-icon awb-icon-minus\" aria-hidden=\"true\"><\/i><i class=\"fa-fusion-box inactive-icon awb-icon-plus\" aria-hidden=\"true\"><\/i><\/span><span class=\"fusion-toggle-heading\">Strat\u00e9gies num\u00e9riques<\/span><\/a><\/h4><\/div><div id=\"d1f4f0610b03c48ea\" class=\"panel-collapse collapse \" aria-labelledby=\"toggle_d1f4f0610b03c48ea\"><div class=\"panel-body toggle-content fusion-clearfix\">\n<p><a href=\"https:\/\/redemco.com\/programmes-de-rabais\/strategies-numeriques\/solutions-numeriques-aux-detaillants\/\">&#8211; Solutions num\u00e9riques aux d\u00e9taillants<\/a><br \/>\n<a href=\"https:\/\/redemco.com\/programmes-de-rabais\/strategies-numeriques\/systeme-de-tracabilite\/\">&#8211; Syst\u00e8me de tra\u00e7abilit\u00e9<\/a><br \/>\n<a href=\"https:\/\/redemco.com\/programmes-de-rabais\/strategies-numeriques\/concours-en-ligne\/\">&#8211; Concours en ligne<\/a><\/p>\n<\/div><\/div><\/div><div class=\"fusion-panel panel-default panel-e4c7175b9defb25a2 fusion-toggle-has-divider\"><div class=\"panel-heading\"><h4 class=\"panel-title toggle\" id=\"toggle_e4c7175b9defb25a2\"><a aria-expanded=\"false\" aria-controls=\"e4c7175b9defb25a2\" role=\"button\" data-toggle=\"collapse\" data-parent=\"#accordion-122-1\" data-target=\"#e4c7175b9defb25a2\" href=\"#e4c7175b9defb25a2\"><span class=\"fusion-toggle-icon-wrapper\" aria-hidden=\"true\"><i class=\"fa-fusion-box active-icon awb-icon-minus\" aria-hidden=\"true\"><\/i><i class=\"fa-fusion-box inactive-icon awb-icon-plus\" aria-hidden=\"true\"><\/i><\/span><span class=\"fusion-toggle-heading\">Analyse de donn\u00e9es et strat\u00e9gies promotionnelles<\/span><\/a><\/h4><\/div><div id=\"e4c7175b9defb25a2\" class=\"panel-collapse collapse \" aria-labelledby=\"toggle_e4c7175b9defb25a2\"><div class=\"panel-body toggle-content fusion-clearfix\">\n<p><a href=\"https:\/\/redemco.com\/programmes-de-rabais\/analyse-de-donnees-et-strategies-promotionnelles\/\">&#8211; Analyse de donn\u00e9es et strat\u00e9gies promotionnelles<\/a><\/p>\n<\/div><\/div><\/div><div class=\"fusion-panel panel-default panel-17f703b411c20b661 fusion-toggle-has-divider\"><div class=\"panel-heading\"><h4 class=\"panel-title toggle\" id=\"toggle_17f703b411c20b661\"><a aria-expanded=\"false\" aria-controls=\"17f703b411c20b661\" role=\"button\" data-toggle=\"collapse\" data-parent=\"#accordion-122-1\" data-target=\"#17f703b411c20b661\" href=\"#17f703b411c20b661\"><span class=\"fusion-toggle-icon-wrapper\" aria-hidden=\"true\"><i class=\"fa-fusion-box active-icon awb-icon-minus\" aria-hidden=\"true\"><\/i><i class=\"fa-fusion-box inactive-icon awb-icon-plus\" aria-hidden=\"true\"><\/i><\/span><span class=\"fusion-toggle-heading\">Programmes de remise et offres postales<\/span><\/a><\/h4><\/div><div id=\"17f703b411c20b661\" class=\"panel-collapse collapse \" aria-labelledby=\"toggle_17f703b411c20b661\"><div class=\"panel-body toggle-content fusion-clearfix\"><a href=\"https:\/\/redemco.com\/programmes-de-rabais\/programmes-de-remise-et-offres-postales\/programme-postal\/\">&#8211; Programme postal<\/a><br \/>\n<a href=\"https:\/\/redemco.com\/programmes-de-rabais\/programmes-de-remise-et-offres-postales\/programme-en-ligne\/\">&#8211; Programme en ligne<\/a><\/div><\/div><\/div><div class=\"fusion-panel panel-default panel-6dcce7a80fd611f4d fusion-toggle-has-divider\"><div class=\"panel-heading\"><h4 class=\"panel-title toggle\" id=\"toggle_6dcce7a80fd611f4d\"><a aria-expanded=\"false\" aria-controls=\"6dcce7a80fd611f4d\" role=\"button\" data-toggle=\"collapse\" data-parent=\"#accordion-122-1\" data-target=\"#6dcce7a80fd611f4d\" href=\"#6dcce7a80fd611f4d\"><span class=\"fusion-toggle-icon-wrapper\" aria-hidden=\"true\"><i class=\"fa-fusion-box active-icon awb-icon-minus\" aria-hidden=\"true\"><\/i><i class=\"fa-fusion-box inactive-icon awb-icon-plus\" aria-hidden=\"true\"><\/i><\/span><span class=\"fusion-toggle-heading\">Gestion de coupons rabais<\/span><\/a><\/h4><\/div><div id=\"6dcce7a80fd611f4d\" class=\"panel-collapse collapse \" aria-labelledby=\"toggle_6dcce7a80fd611f4d\"><div class=\"panel-body toggle-content fusion-clearfix\">\n<p><a href=\"https:\/\/redemco.com\/programmes-de-rabais\/gestion-de-coupon-rabais\/service-de-remboursement\/\">&#8211; Service de remboursement<\/a><\/p>\n<\/div><\/div><\/div><\/div><\/div><div class=\"fusion-clearfix\"><\/div><\/div><\/div><div class=\"fusion-layout-column fusion_builder_column fusion-builder-column-4 fusion_builder_column_1_2 1_2 fusion-one-half fusion-column-last\" style=\"--awb-bg-size:cover;width:50%;width:calc(50% - ( ( 4% ) * 0.5 ) );\"><div class=\"fusion-column-wrapper fusion-column-has-shadow fusion-flex-column-wrapper-legacy\"><div class=\"accordian fusion-accordian\" style=\"--awb-border-size:1px;--awb-icon-size:13px;--awb-content-font-size:16px;--awb-icon-alignment:left;--awb-hover-color:#f9f9f9;--awb-border-color:#cccccc;--awb-background-color:#ffffff;--awb-divider-color:#e0dede;--awb-divider-hover-color:#e0dede;--awb-icon-color:#ffffff;--awb-title-color:#a0ce4e;--awb-content-color:#474747;--awb-icon-box-color:#333333;--awb-toggle-hover-accent-color:#a0ce4e;--awb-title-font-family:&quot;Oswald&quot;;--awb-title-font-weight:400;--awb-title-font-style:normal;--awb-title-font-size:16px;--awb-title-line-height:1.5;--awb-content-font-family:&quot;Noto Sans&quot;;--awb-content-font-style:normal;--awb-content-font-weight:400;\"><div class=\"panel-group fusion-toggle-icon-boxed\" id=\"accordion-122-2\"><div class=\"fusion-panel panel-default panel-235947dd4f8472188 fusion-toggle-has-divider\"><div class=\"panel-heading\"><h4 class=\"panel-title toggle\" id=\"toggle_235947dd4f8472188\"><a aria-expanded=\"false\" aria-controls=\"235947dd4f8472188\" role=\"button\" data-toggle=\"collapse\" data-parent=\"#accordion-122-2\" data-target=\"#235947dd4f8472188\" href=\"#235947dd4f8472188\"><span class=\"fusion-toggle-icon-wrapper\" aria-hidden=\"true\"><i class=\"fa-fusion-box active-icon awb-icon-minus\" aria-hidden=\"true\"><\/i><i class=\"fa-fusion-box inactive-icon awb-icon-plus\" aria-hidden=\"true\"><\/i><\/span><span class=\"fusion-toggle-heading\">Service d'\u00e9mission de coupons rabais<\/span><\/a><\/h4><\/div><div id=\"235947dd4f8472188\" class=\"panel-collapse collapse \" aria-labelledby=\"toggle_235947dd4f8472188\"><div class=\"panel-body toggle-content fusion-clearfix\">\n<p><a href=\"https:\/\/redemco.com\/programmes-de-rabais\/service-demission-de-coupons-rabais\/coupons-personnalises-avec-systeme-de-tracabilite\/\">&#8211; Coupons personnalis\u00e9s avec syst\u00e8me de tra\u00e7abilit\u00e9<\/a><br \/>\n<a href=\"https:\/\/redemco.com\/programmes-de-rabais\/service-demission-de-coupons-rabais\/service-dimpression-de-coupons-traditionnels\/\">&#8211; Service d&rsquo;impression de coupons traditionnels<\/a><\/p>\n<\/div><\/div><\/div><div class=\"fusion-panel panel-default panel-9abfd15f86ae35d81 fusion-toggle-has-divider\"><div class=\"panel-heading\"><h4 class=\"panel-title toggle\" id=\"toggle_9abfd15f86ae35d81\"><a aria-expanded=\"false\" aria-controls=\"9abfd15f86ae35d81\" role=\"button\" data-toggle=\"collapse\" data-parent=\"#accordion-122-2\" data-target=\"#9abfd15f86ae35d81\" href=\"#9abfd15f86ae35d81\"><span class=\"fusion-toggle-icon-wrapper\" aria-hidden=\"true\"><i class=\"fa-fusion-box active-icon awb-icon-minus\" aria-hidden=\"true\"><\/i><i class=\"fa-fusion-box inactive-icon awb-icon-plus\" aria-hidden=\"true\"><\/i><\/span><span class=\"fusion-toggle-heading\">Programmes de r\u00e9compenses\/fid\u00e9lit\u00e9<\/span><\/a><\/h4><\/div><div id=\"9abfd15f86ae35d81\" class=\"panel-collapse collapse \" aria-labelledby=\"toggle_9abfd15f86ae35d81\"><div class=\"panel-body toggle-content fusion-clearfix\">\n<p><a href=\"https:\/\/redemco.com\/programmes-de-rabais\/programmes-de-recompenses-fidelite\/\">&#8211; Programmes de r\u00e9compenses\/fid\u00e9lit\u00e9<\/a><\/p>\n<\/div><\/div><\/div><div class=\"fusion-panel panel-default panel-50db5a1c1215bf4ea fusion-toggle-has-divider\"><div class=\"panel-heading\"><h4 class=\"panel-title toggle\" id=\"toggle_50db5a1c1215bf4ea\"><a aria-expanded=\"false\" aria-controls=\"50db5a1c1215bf4ea\" role=\"button\" data-toggle=\"collapse\" data-parent=\"#accordion-122-2\" data-target=\"#50db5a1c1215bf4ea\" href=\"#50db5a1c1215bf4ea\"><span class=\"fusion-toggle-icon-wrapper\" aria-hidden=\"true\"><i class=\"fa-fusion-box active-icon awb-icon-minus\" aria-hidden=\"true\"><\/i><i class=\"fa-fusion-box inactive-icon awb-icon-plus\" aria-hidden=\"true\"><\/i><\/span><span class=\"fusion-toggle-heading\">Soutien administratif externe<\/span><\/a><\/h4><\/div><div id=\"50db5a1c1215bf4ea\" class=\"panel-collapse collapse \" aria-labelledby=\"toggle_50db5a1c1215bf4ea\"><div class=\"panel-body toggle-content fusion-clearfix\">\n<p><a href=\"https:\/\/redemco.com\/programmes-de-gestion\/soutient-administratif-externe\/\">&#8211; Soutien administratif externe\u00a0<\/a><\/p>\n<\/div><\/div><\/div><\/div><\/div><div class=\"fusion-clearfix\"><\/div><\/div><\/div><\/div><\/div><\/p>\n","protected":false},"excerpt":{"rendered":"","protected":false},"author":1,"featured_media":0,"parent":20,"menu_order":3,"comment_status":"closed","ping_status":"closed","template":"","meta":{"footnotes":""},"class_list":["post-122","page","type-page","status-publish","hentry"],"yoast_head":"<!-- This site is optimized with the Yoast SEO plugin v27.2 - https:\/\/yoast.com\/product\/yoast-seo-wordpress\/ -->\n<title>Agences marketing - REDEMCO<\/title>\n<meta name=\"robots\" content=\"index, follow, max-snippet:-1, max-image-preview:large, max-video-preview:-1\" \/>\n<link rel=\"canonical\" href=\"https:\/\/redemco.com\/fr\/secteurs-dactivite\/agences-marketing\/\" \/>\n<meta property=\"og:locale\" content=\"fr_CA\" \/>\n<meta property=\"og:type\" content=\"article\" \/>\n<meta property=\"og:title\" content=\"Agences marketing - REDEMCO\" \/>\n<meta property=\"og:url\" content=\"https:\/\/redemco.com\/fr\/secteurs-dactivite\/agences-marketing\/\" \/>\n<meta property=\"og:site_name\" content=\"REDEMCO\" \/>\n<meta property=\"article:modified_time\" content=\"2021-02-12T15:22:30+00:00\" \/>\n<meta name=\"twitter:card\" content=\"summary_large_image\" \/>\n<meta name=\"twitter:label1\" content=\"Estimation du temps de lecture\" \/>\n\t<meta name=\"twitter:data1\" content=\"6 minutes\" \/>\n<script type=\"application\/ld+json\" class=\"yoast-schema-graph\">{\"@context\":\"https:\/\/schema.org\",\"@graph\":[{\"@type\":\"WebPage\",\"@id\":\"https:\/\/redemco.com\/fr\/secteurs-dactivite\/agences-marketing\/\",\"url\":\"https:\/\/redemco.com\/fr\/secteurs-dactivite\/agences-marketing\/\",\"name\":\"Agences marketing - REDEMCO\",\"isPartOf\":{\"@id\":\"https:\/\/redemco.com\/fr\/#website\"},\"datePublished\":\"2018-09-04T18:16:54+00:00\",\"dateModified\":\"2021-02-12T15:22:30+00:00\",\"breadcrumb\":{\"@id\":\"https:\/\/redemco.com\/fr\/secteurs-dactivite\/agences-marketing\/#breadcrumb\"},\"inLanguage\":\"fr-CA\",\"potentialAction\":[{\"@type\":\"ReadAction\",\"target\":[\"https:\/\/redemco.com\/fr\/secteurs-dactivite\/agences-marketing\/\"]}]},{\"@type\":\"BreadcrumbList\",\"@id\":\"https:\/\/redemco.com\/fr\/secteurs-dactivite\/agences-marketing\/#breadcrumb\",\"itemListElement\":[{\"@type\":\"ListItem\",\"position\":1,\"name\":\"Accueil\",\"item\":\"https:\/\/redemco.com\/fr\/\"},{\"@type\":\"ListItem\",\"position\":2,\"name\":\"Secteurs d&rsquo;activit\u00e9\",\"item\":\"https:\/\/redemco.com\/fr\/secteurs-dactivite\/\"},{\"@type\":\"ListItem\",\"position\":3,\"name\":\"Agences marketing\"}]},{\"@type\":\"WebSite\",\"@id\":\"https:\/\/redemco.com\/fr\/#website\",\"url\":\"https:\/\/redemco.com\/fr\/\",\"name\":\"REDEMCO\",\"description\":\"Solutions et programmes de remise innovants.\",\"potentialAction\":[{\"@type\":\"SearchAction\",\"target\":{\"@type\":\"EntryPoint\",\"urlTemplate\":\"https:\/\/redemco.com\/fr\/?s={search_term_string}\"},\"query-input\":{\"@type\":\"PropertyValueSpecification\",\"valueRequired\":true,\"valueName\":\"search_term_string\"}}],\"inLanguage\":\"fr-CA\"}]}<\/script>\n<!-- \/ Yoast SEO plugin. -->","yoast_head_json":{"title":"Agences marketing - REDEMCO","robots":{"index":"index","follow":"follow","max-snippet":"max-snippet:-1","max-image-preview":"max-image-preview:large","max-video-preview":"max-video-preview:-1"},"canonical":"https:\/\/redemco.com\/fr\/secteurs-dactivite\/agences-marketing\/","og_locale":"fr_CA","og_type":"article","og_title":"Agences marketing - REDEMCO","og_url":"https:\/\/redemco.com\/fr\/secteurs-dactivite\/agences-marketing\/","og_site_name":"REDEMCO","article_modified_time":"2021-02-12T15:22:30+00:00","twitter_card":"summary_large_image","twitter_misc":{"Estimation du temps de lecture":"6 minutes"},"schema":{"@context":"https:\/\/schema.org","@graph":[{"@type":"WebPage","@id":"https:\/\/redemco.com\/fr\/secteurs-dactivite\/agences-marketing\/","url":"https:\/\/redemco.com\/fr\/secteurs-dactivite\/agences-marketing\/","name":"Agences marketing - REDEMCO","isPartOf":{"@id":"https:\/\/redemco.com\/fr\/#website"},"datePublished":"2018-09-04T18:16:54+00:00","dateModified":"2021-02-12T15:22:30+00:00","breadcrumb":{"@id":"https:\/\/redemco.com\/fr\/secteurs-dactivite\/agences-marketing\/#breadcrumb"},"inLanguage":"fr-CA","potentialAction":[{"@type":"ReadAction","target":["https:\/\/redemco.com\/fr\/secteurs-dactivite\/agences-marketing\/"]}]},{"@type":"BreadcrumbList","@id":"https:\/\/redemco.com\/fr\/secteurs-dactivite\/agences-marketing\/#breadcrumb","itemListElement":[{"@type":"ListItem","position":1,"name":"Accueil","item":"https:\/\/redemco.com\/fr\/"},{"@type":"ListItem","position":2,"name":"Secteurs d&rsquo;activit\u00e9","item":"https:\/\/redemco.com\/fr\/secteurs-dactivite\/"},{"@type":"ListItem","position":3,"name":"Agences marketing"}]},{"@type":"WebSite","@id":"https:\/\/redemco.com\/fr\/#website","url":"https:\/\/redemco.com\/fr\/","name":"REDEMCO","description":"Solutions et programmes de remise innovants.","potentialAction":[{"@type":"SearchAction","target":{"@type":"EntryPoint","urlTemplate":"https:\/\/redemco.com\/fr\/?s={search_term_string}"},"query-input":{"@type":"PropertyValueSpecification","valueRequired":true,"valueName":"search_term_string"}}],"inLanguage":"fr-CA"}]}},"_links":{"self":[{"href":"https:\/\/redemco.com\/fr\/wp-json\/wp\/v2\/pages\/122","targetHints":{"allow":["GET"]}}],"collection":[{"href":"https:\/\/redemco.com\/fr\/wp-json\/wp\/v2\/pages"}],"about":[{"href":"https:\/\/redemco.com\/fr\/wp-json\/wp\/v2\/types\/page"}],"author":[{"embeddable":true,"href":"https:\/\/redemco.com\/fr\/wp-json\/wp\/v2\/users\/1"}],"replies":[{"embeddable":true,"href":"https:\/\/redemco.com\/fr\/wp-json\/wp\/v2\/comments?post=122"}],"version-history":[{"count":17,"href":"https:\/\/redemco.com\/fr\/wp-json\/wp\/v2\/pages\/122\/revisions"}],"predecessor-version":[{"id":2690,"href":"https:\/\/redemco.com\/fr\/wp-json\/wp\/v2\/pages\/122\/revisions\/2690"}],"up":[{"embeddable":true,"href":"https:\/\/redemco.com\/fr\/wp-json\/wp\/v2\/pages\/20"}],"wp:attachment":[{"href":"https:\/\/redemco.com\/fr\/wp-json\/wp\/v2\/media?parent=122"}],"curies":[{"name":"wp","href":"https:\/\/api.w.org\/{rel}","templated":true}]}}