{"id":120,"date":"2018-09-04T14:16:31","date_gmt":"2018-09-04T18:16:31","guid":{"rendered":"https:\/\/redemco.com\/?page_id=120"},"modified":"2021-02-12T10:20:18","modified_gmt":"2021-02-12T15:20:18","slug":"institutionnels","status":"publish","type":"page","link":"https:\/\/redemco.com\/fr\/secteurs-dactivite\/institutionnels\/","title":{"rendered":"Institutionnels"},"content":{"rendered":"<p><div class=\"fusion-fullwidth fullwidth-box fusion-builder-row-1 nonhundred-percent-fullwidth non-hundred-percent-height-scrolling\" style=\"--awb-border-radius-top-left:0px;--awb-border-radius-top-right:0px;--awb-border-radius-bottom-right:0px;--awb-border-radius-bottom-left:0px;--awb-flex-wrap:wrap;\" ><div class=\"fusion-builder-row fusion-row\"><div class=\"fusion-layout-column fusion_builder_column fusion-builder-column-0 fusion_builder_column_4_5 4_5 fusion-four-fifth fusion-column-first\" style=\"--awb-bg-size:cover;width:80%;width:calc(80% - ( ( 4% ) * 0.8 ) );margin-right: 4%;\"><div class=\"fusion-column-wrapper fusion-flex-column-wrapper-legacy\"><div class=\"fusion-title title fusion-title-1 fusion-title-text fusion-title-size-one\" style=\"--awb-margin-top-small:0px;--awb-margin-right-small:0px;--awb-margin-bottom-small:20px;--awb-margin-left-small:0px;\"><h1 class=\"fusion-title-heading title-heading-left fusion-responsive-typography-calculated\" style=\"margin:0;--fontSize:34;line-height:1.4;\">\u200bInstitutionnels<\/h1><span class=\"awb-title-spacer\"><\/span><div class=\"title-sep-container\"><div class=\"title-sep sep-single sep-solid\" style=\"border-color:#e0dede;\"><\/div><\/div><\/div><div class=\"fusion-text fusion-text-1\"><p>Redemco offre sa vaste gamme de service \u00e0 toute entit\u00e9 d\u00e9sireuse d&rsquo;offrir des incitatifs mon\u00e9taires \u00e0 sa client\u00e8le.<\/p>\n<p>Nous avons acquis une grande expertise dans la mise en place et la gestion de programmes de remises mon\u00e9taires pour le compte de divers instituts et agences gouvernementales.<\/p>\n<p>Notre cr\u00e9dibilit\u00e9, int\u00e9grit\u00e9, efficacit\u00e9, proactivit\u00e9 et flexibilit\u00e9 sont des \u00e9l\u00e9ments cl\u00e9s qui font de Redemco un partenaire de choix dans la r\u00e9ussite de projets d&rsquo;envergure.<\/p>\n<p>Notre sens de l&rsquo;initiative et du progr\u00e8s nous conf\u00e8re \u00e9galement un atout majeur sur nos concurrents. En effet, nous sommes continuellement \u00e0 la recherche de <strong>solutions innovantes<\/strong> maximisant la r\u00e9ussite de chacun des projets de nos clients.<\/p>\n<p>N&rsquo;h\u00e9sitez pas \u00e0 communiquer avec nous afin d&rsquo;avoir plus d&rsquo;informations sur notre gamme de service !<\/p>\n<\/div><div class=\"fusion-clearfix\"><\/div><\/div><\/div><\/div><\/div><div class=\"fusion-fullwidth fullwidth-box fusion-builder-row-2 fusion-parallax-none nonhundred-percent-fullwidth non-hundred-percent-height-scrolling\" style=\"--awb-background-blend-mode:overlay;--awb-border-radius-top-left:0px;--awb-border-radius-top-right:0px;--awb-border-radius-bottom-right:0px;--awb-border-radius-bottom-left:0px;--awb-margin-bottom:80px;--awb-background-color:rgba(0,0,0,0.07);--awb-background-image:url(&quot;https:\/\/redemco.com\/wp-content\/uploads\/2020\/06\/rendez-vous2-1.jpg&quot;);--awb-background-size:cover;--awb-flex-wrap:wrap;\" ><div class=\"fusion-builder-row fusion-row\"><div class=\"fusion-layout-column fusion_builder_column fusion-builder-column-1 fusion_builder_column_4_5 4_5 fusion-four-fifth fusion-column-first fusion-animated\" style=\"--awb-padding-left:50px;--awb-bg-size:cover;--awb-margin-top:60px;--awb-margin-bottom:60px;width:80%;width:calc(80% - ( ( 4% ) * 0.8 ) );margin-right: 4%;\" data-animationType=\"fadeInLeft\" data-animationDuration=\"0.5\" data-animationOffset=\"top-into-view\"><div class=\"fusion-column-wrapper fusion-column-has-shadow fusion-flex-column-wrapper-legacy\"><div class=\"fusion-text fusion-text-2\"><h2 data-fontsize=\"22\" data-lineheight=\"33\"><span style=\"color: #000000;\">Besoin de plus d\u2019informations sur nos services?<\/span><\/h2>\n<\/div><div class=\"fusion-button-wrapper\"><a class=\"fusion-button button-flat fusion-button-default-size button-default fusion-button-default button-1 fusion-button-default-span fusion-button-default-type\" target=\"_self\" href=\"https:\/\/redemco.com\/contactez-nous\/\"><span class=\"fusion-button-text awb-button__text awb-button__text--default\">Planifier un un appel avec nous!<\/span><\/a><\/div><div class=\"fusion-clearfix\"><\/div><\/div><\/div><\/div><\/div>\n<div class=\"fusion-fullwidth fullwidth-box fusion-builder-row-3 nonhundred-percent-fullwidth non-hundred-percent-height-scrolling\" style=\"--awb-border-radius-top-left:0px;--awb-border-radius-top-right:0px;--awb-border-radius-bottom-right:0px;--awb-border-radius-bottom-left:0px;--awb-flex-wrap:wrap;\" ><div class=\"fusion-builder-row fusion-row\"><div class=\"fusion-layout-column fusion_builder_column fusion-builder-column-2 fusion_builder_column_1_1 1_1 fusion-one-full fusion-column-first fusion-column-last\" style=\"--awb-bg-size:cover;\"><div class=\"fusion-column-wrapper fusion-column-has-shadow fusion-flex-column-wrapper-legacy\"><div class=\"fusion-title title fusion-title-2 fusion-title-text fusion-title-size-two\" style=\"--awb-margin-top-small:0px;--awb-margin-right-small:0px;--awb-margin-bottom-small:20px;--awb-margin-left-small:0px;\"><h2 class=\"fusion-title-heading title-heading-left fusion-responsive-typography-calculated\" style=\"margin:0;--fontSize:24;line-height:1.5;\">\u200bD\u00e9couvrez les services offerts pour le secteurs Institutionnels<\/h2><span class=\"awb-title-spacer\"><\/span><div class=\"title-sep-container\"><div class=\"title-sep sep-single sep-solid\" style=\"border-color:#e0dede;\"><\/div><\/div><\/div><div class=\"fusion-clearfix\"><\/div><\/div><\/div><div class=\"fusion-layout-column fusion_builder_column fusion-builder-column-3 fusion_builder_column_1_2 1_2 fusion-one-half fusion-column-first\" style=\"--awb-bg-size:cover;width:50%;width:calc(50% - ( ( 4% ) * 0.5 ) );margin-right: 4%;\"><div class=\"fusion-column-wrapper fusion-column-has-shadow fusion-flex-column-wrapper-legacy\"><div class=\"accordian fusion-accordian\" style=\"--awb-border-size:1px;--awb-icon-size:13px;--awb-content-font-size:16px;--awb-icon-alignment:left;--awb-hover-color:#f9f9f9;--awb-border-color:#cccccc;--awb-background-color:#ffffff;--awb-divider-color:#e0dede;--awb-divider-hover-color:#e0dede;--awb-icon-color:#ffffff;--awb-title-color:#a0ce4e;--awb-content-color:#474747;--awb-icon-box-color:#333333;--awb-toggle-hover-accent-color:#a0ce4e;--awb-title-font-family:&quot;Oswald&quot;;--awb-title-font-weight:400;--awb-title-font-style:normal;--awb-title-font-size:16px;--awb-title-line-height:1.5;--awb-content-font-family:&quot;Noto Sans&quot;;--awb-content-font-style:normal;--awb-content-font-weight:400;\"><div class=\"panel-group fusion-toggle-icon-boxed\" id=\"accordion-120-1\"><div class=\"fusion-panel panel-default panel-742f41bdc34f836f7 fusion-toggle-has-divider\"><div class=\"panel-heading\"><h4 class=\"panel-title toggle\" id=\"toggle_742f41bdc34f836f7\"><a aria-expanded=\"false\" aria-controls=\"742f41bdc34f836f7\" role=\"button\" data-toggle=\"collapse\" data-parent=\"#accordion-120-1\" data-target=\"#742f41bdc34f836f7\" href=\"#742f41bdc34f836f7\"><span class=\"fusion-toggle-icon-wrapper\" aria-hidden=\"true\"><i class=\"fa-fusion-box active-icon awb-icon-minus\" aria-hidden=\"true\"><\/i><i class=\"fa-fusion-box inactive-icon awb-icon-plus\" aria-hidden=\"true\"><\/i><\/span><span class=\"fusion-toggle-heading\">Strat\u00e9gies num\u00e9riques<\/span><\/a><\/h4><\/div><div id=\"742f41bdc34f836f7\" class=\"panel-collapse collapse \" aria-labelledby=\"toggle_742f41bdc34f836f7\"><div class=\"panel-body toggle-content fusion-clearfix\">\n<p><a href=\"https:\/\/redemco.com\/programmes-de-rabais\/strategies-numeriques\/systeme-de-tracabilite\/\">&#8211; Syst\u00e8me de tra\u00e7abilit\u00e9<\/a><br \/>\n<a href=\"https:\/\/redemco.com\/programmes-de-rabais\/strategies-numeriques\/concours-en-ligne\/\">&#8211; Concours en ligne<\/a><\/p>\n<\/div><\/div><\/div><div class=\"fusion-panel panel-default panel-dd34bd58953d7634e fusion-toggle-has-divider\"><div class=\"panel-heading\"><h4 class=\"panel-title toggle\" id=\"toggle_dd34bd58953d7634e\"><a aria-expanded=\"false\" aria-controls=\"dd34bd58953d7634e\" role=\"button\" data-toggle=\"collapse\" data-parent=\"#accordion-120-1\" data-target=\"#dd34bd58953d7634e\" href=\"#dd34bd58953d7634e\"><span class=\"fusion-toggle-icon-wrapper\" aria-hidden=\"true\"><i class=\"fa-fusion-box active-icon awb-icon-minus\" aria-hidden=\"true\"><\/i><i class=\"fa-fusion-box inactive-icon awb-icon-plus\" aria-hidden=\"true\"><\/i><\/span><span class=\"fusion-toggle-heading\">Analyse de donn\u00e9es et strat\u00e9gies promotionnelles<\/span><\/a><\/h4><\/div><div id=\"dd34bd58953d7634e\" class=\"panel-collapse collapse \" aria-labelledby=\"toggle_dd34bd58953d7634e\"><div class=\"panel-body toggle-content fusion-clearfix\">\n<p><a href=\"https:\/\/redemco.com\/programmes-de-rabais\/analyse-de-donnees-et-strategies-promotionnelles\/\">&#8211; Analyse de donn\u00e9es et strat\u00e9gies promotionnelles<\/a><\/p>\n<\/div><\/div><\/div><div class=\"fusion-panel panel-default panel-d56b1174aba4573fa fusion-toggle-has-divider\"><div class=\"panel-heading\"><h4 class=\"panel-title toggle\" id=\"toggle_d56b1174aba4573fa\"><a aria-expanded=\"false\" aria-controls=\"d56b1174aba4573fa\" role=\"button\" data-toggle=\"collapse\" data-parent=\"#accordion-120-1\" data-target=\"#d56b1174aba4573fa\" href=\"#d56b1174aba4573fa\"><span class=\"fusion-toggle-icon-wrapper\" aria-hidden=\"true\"><i class=\"fa-fusion-box active-icon awb-icon-minus\" aria-hidden=\"true\"><\/i><i class=\"fa-fusion-box inactive-icon awb-icon-plus\" aria-hidden=\"true\"><\/i><\/span><span class=\"fusion-toggle-heading\">Programmes de remise et offres postales<\/span><\/a><\/h4><\/div><div id=\"d56b1174aba4573fa\" class=\"panel-collapse collapse \" aria-labelledby=\"toggle_d56b1174aba4573fa\"><div class=\"panel-body toggle-content fusion-clearfix\"><a href=\"https:\/\/redemco.com\/programmes-de-rabais\/programmes-de-remise-et-offres-postales\/programme-postal\/\">&#8211; Programme postal<\/a><br \/>\n<a href=\"https:\/\/redemco.com\/programmes-de-rabais\/programmes-de-remise-et-offres-postales\/programme-en-ligne\/\">&#8211; Programme en ligne<\/a><\/div><\/div><\/div><div class=\"fusion-panel panel-default panel-8d082ce40a891c937 fusion-toggle-has-divider\"><div class=\"panel-heading\"><h4 class=\"panel-title toggle\" id=\"toggle_8d082ce40a891c937\"><a aria-expanded=\"false\" aria-controls=\"8d082ce40a891c937\" role=\"button\" data-toggle=\"collapse\" data-parent=\"#accordion-120-1\" data-target=\"#8d082ce40a891c937\" href=\"#8d082ce40a891c937\"><span class=\"fusion-toggle-icon-wrapper\" aria-hidden=\"true\"><i class=\"fa-fusion-box active-icon awb-icon-minus\" aria-hidden=\"true\"><\/i><i class=\"fa-fusion-box inactive-icon awb-icon-plus\" aria-hidden=\"true\"><\/i><\/span><span class=\"fusion-toggle-heading\">Gestion de coupons rabais<\/span><\/a><\/h4><\/div><div id=\"8d082ce40a891c937\" class=\"panel-collapse collapse \" aria-labelledby=\"toggle_8d082ce40a891c937\"><div class=\"panel-body toggle-content fusion-clearfix\">\n<p><a href=\"https:\/\/redemco.com\/programmes-de-rabais\/gestion-de-coupon-rabais\/service-de-remboursement\/\">&#8211; Service de remboursement<\/a><\/p>\n<\/div><\/div><\/div><\/div><\/div><div class=\"fusion-clearfix\"><\/div><\/div><\/div><div class=\"fusion-layout-column fusion_builder_column fusion-builder-column-4 fusion_builder_column_1_2 1_2 fusion-one-half fusion-column-last\" style=\"--awb-bg-size:cover;width:50%;width:calc(50% - ( ( 4% ) * 0.5 ) );\"><div class=\"fusion-column-wrapper fusion-column-has-shadow fusion-flex-column-wrapper-legacy\"><div class=\"accordian fusion-accordian\" style=\"--awb-border-size:1px;--awb-icon-size:13px;--awb-content-font-size:16px;--awb-icon-alignment:left;--awb-hover-color:#f9f9f9;--awb-border-color:#cccccc;--awb-background-color:#ffffff;--awb-divider-color:#e0dede;--awb-divider-hover-color:#e0dede;--awb-icon-color:#ffffff;--awb-title-color:#a0ce4e;--awb-content-color:#474747;--awb-icon-box-color:#333333;--awb-toggle-hover-accent-color:#a0ce4e;--awb-title-font-family:&quot;Oswald&quot;;--awb-title-font-weight:400;--awb-title-font-style:normal;--awb-title-font-size:16px;--awb-title-line-height:1.5;--awb-content-font-family:&quot;Noto Sans&quot;;--awb-content-font-style:normal;--awb-content-font-weight:400;\"><div class=\"panel-group fusion-toggle-icon-boxed\" id=\"accordion-120-2\"><div class=\"fusion-panel panel-default panel-b1bfa31399e6ddb4f fusion-toggle-has-divider\"><div class=\"panel-heading\"><h4 class=\"panel-title toggle\" id=\"toggle_b1bfa31399e6ddb4f\"><a aria-expanded=\"false\" aria-controls=\"b1bfa31399e6ddb4f\" role=\"button\" data-toggle=\"collapse\" data-parent=\"#accordion-120-2\" data-target=\"#b1bfa31399e6ddb4f\" href=\"#b1bfa31399e6ddb4f\"><span class=\"fusion-toggle-icon-wrapper\" aria-hidden=\"true\"><i class=\"fa-fusion-box active-icon awb-icon-minus\" aria-hidden=\"true\"><\/i><i class=\"fa-fusion-box inactive-icon awb-icon-plus\" aria-hidden=\"true\"><\/i><\/span><span class=\"fusion-toggle-heading\">Service d'\u00e9mission de coupons rabais<\/span><\/a><\/h4><\/div><div id=\"b1bfa31399e6ddb4f\" class=\"panel-collapse collapse \" aria-labelledby=\"toggle_b1bfa31399e6ddb4f\"><div class=\"panel-body toggle-content fusion-clearfix\">\n<p><a href=\"https:\/\/redemco.com\/programmes-de-rabais\/service-demission-de-coupons-rabais\/coupons-personnalises-avec-systeme-de-tracabilite\/\">&#8211; Coupons personnalis\u00e9s avec syst\u00e8me de tra\u00e7abilit\u00e9<\/a><br \/>\n<a href=\"https:\/\/redemco.com\/programmes-de-rabais\/service-demission-de-coupons-rabais\/service-dimpression-de-coupons-traditionnels\/\">&#8211; Service d&rsquo;impression de coupons traditionnels<\/a><\/p>\n<\/div><\/div><\/div><div class=\"fusion-panel panel-default panel-1c20c20d7600dba16 fusion-toggle-has-divider\"><div class=\"panel-heading\"><h4 class=\"panel-title toggle\" id=\"toggle_1c20c20d7600dba16\"><a aria-expanded=\"false\" aria-controls=\"1c20c20d7600dba16\" role=\"button\" data-toggle=\"collapse\" data-parent=\"#accordion-120-2\" data-target=\"#1c20c20d7600dba16\" href=\"#1c20c20d7600dba16\"><span class=\"fusion-toggle-icon-wrapper\" aria-hidden=\"true\"><i class=\"fa-fusion-box active-icon awb-icon-minus\" aria-hidden=\"true\"><\/i><i class=\"fa-fusion-box inactive-icon awb-icon-plus\" aria-hidden=\"true\"><\/i><\/span><span class=\"fusion-toggle-heading\">Gestion de programmes de subvention<\/span><\/a><\/h4><\/div><div id=\"1c20c20d7600dba16\" class=\"panel-collapse collapse \" aria-labelledby=\"toggle_1c20c20d7600dba16\"><div class=\"panel-body toggle-content fusion-clearfix\">\n<p><a href=\"https:\/\/redemco.com\/programmes-de-gestion\/gestion-de-programmes-de-subvention\/\">&#8211; Gestion de programmes de subvention<\/a><\/p>\n<\/div><\/div><\/div><div class=\"fusion-panel panel-default panel-ff5c1512552aa5659 fusion-toggle-has-divider\"><div class=\"panel-heading\"><h4 class=\"panel-title toggle\" id=\"toggle_ff5c1512552aa5659\"><a aria-expanded=\"false\" aria-controls=\"ff5c1512552aa5659\" role=\"button\" data-toggle=\"collapse\" data-parent=\"#accordion-120-2\" data-target=\"#ff5c1512552aa5659\" href=\"#ff5c1512552aa5659\"><span class=\"fusion-toggle-icon-wrapper\" aria-hidden=\"true\"><i class=\"fa-fusion-box active-icon awb-icon-minus\" aria-hidden=\"true\"><\/i><i class=\"fa-fusion-box inactive-icon awb-icon-plus\" aria-hidden=\"true\"><\/i><\/span><span class=\"fusion-toggle-heading\">Gestion de programmes d'assurance<\/span><\/a><\/h4><\/div><div id=\"ff5c1512552aa5659\" class=\"panel-collapse collapse \" aria-labelledby=\"toggle_ff5c1512552aa5659\"><div class=\"panel-body toggle-content fusion-clearfix\">\n<p><a href=\"https:\/\/redemco.com\/programmes-de-gestion\/gestion-de-programmes-dassurance\/\">&#8211; Gestion de programmes d&rsquo;assurance<\/a><\/p>\n<\/div><\/div><\/div><div class=\"fusion-panel panel-default panel-1c5414dcbad56e583 fusion-toggle-has-divider\"><div class=\"panel-heading\"><h4 class=\"panel-title toggle\" id=\"toggle_1c5414dcbad56e583\"><a aria-expanded=\"false\" aria-controls=\"1c5414dcbad56e583\" role=\"button\" data-toggle=\"collapse\" data-parent=\"#accordion-120-2\" data-target=\"#1c5414dcbad56e583\" href=\"#1c5414dcbad56e583\"><span class=\"fusion-toggle-icon-wrapper\" aria-hidden=\"true\"><i class=\"fa-fusion-box active-icon awb-icon-minus\" aria-hidden=\"true\"><\/i><i class=\"fa-fusion-box inactive-icon awb-icon-plus\" aria-hidden=\"true\"><\/i><\/span><span class=\"fusion-toggle-heading\">Soutien administratif externe<\/span><\/a><\/h4><\/div><div id=\"1c5414dcbad56e583\" class=\"panel-collapse collapse \" aria-labelledby=\"toggle_1c5414dcbad56e583\"><div class=\"panel-body toggle-content fusion-clearfix\">\n<p><a href=\"https:\/\/redemco.com\/programmes-de-recouvrement\/soutient-administratif-externe\/\">&#8211; Soutien administratif externe<\/a><\/p>\n<\/div><\/div><\/div><\/div><\/div><div class=\"fusion-clearfix\"><\/div><\/div><\/div><\/div><\/div><\/p>\n","protected":false},"excerpt":{"rendered":"","protected":false},"author":1,"featured_media":0,"parent":20,"menu_order":2,"comment_status":"closed","ping_status":"closed","template":"","meta":{"footnotes":""},"class_list":["post-120","page","type-page","status-publish","hentry"],"yoast_head":"<!-- This site is optimized with the Yoast SEO plugin v27.2 - https:\/\/yoast.com\/product\/yoast-seo-wordpress\/ -->\n<title>Institutionnels - REDEMCO<\/title>\n<meta name=\"robots\" content=\"index, follow, max-snippet:-1, max-image-preview:large, max-video-preview:-1\" \/>\n<link rel=\"canonical\" href=\"https:\/\/redemco.com\/fr\/secteurs-dactivite\/institutionnels\/\" \/>\n<meta property=\"og:locale\" content=\"fr_CA\" \/>\n<meta property=\"og:type\" content=\"article\" \/>\n<meta property=\"og:title\" content=\"Institutionnels - REDEMCO\" \/>\n<meta property=\"og:url\" content=\"https:\/\/redemco.com\/fr\/secteurs-dactivite\/institutionnels\/\" \/>\n<meta property=\"og:site_name\" content=\"REDEMCO\" \/>\n<meta property=\"article:modified_time\" content=\"2021-02-12T15:20:18+00:00\" \/>\n<meta name=\"twitter:card\" content=\"summary_large_image\" \/>\n<meta name=\"twitter:label1\" content=\"Estimation du temps de lecture\" \/>\n\t<meta name=\"twitter:data1\" content=\"6 minutes\" \/>\n<script type=\"application\/ld+json\" class=\"yoast-schema-graph\">{\"@context\":\"https:\/\/schema.org\",\"@graph\":[{\"@type\":\"WebPage\",\"@id\":\"https:\/\/redemco.com\/fr\/secteurs-dactivite\/institutionnels\/\",\"url\":\"https:\/\/redemco.com\/fr\/secteurs-dactivite\/institutionnels\/\",\"name\":\"Institutionnels - REDEMCO\",\"isPartOf\":{\"@id\":\"https:\/\/redemco.com\/fr\/#website\"},\"datePublished\":\"2018-09-04T18:16:31+00:00\",\"dateModified\":\"2021-02-12T15:20:18+00:00\",\"breadcrumb\":{\"@id\":\"https:\/\/redemco.com\/fr\/secteurs-dactivite\/institutionnels\/#breadcrumb\"},\"inLanguage\":\"fr-CA\",\"potentialAction\":[{\"@type\":\"ReadAction\",\"target\":[\"https:\/\/redemco.com\/fr\/secteurs-dactivite\/institutionnels\/\"]}]},{\"@type\":\"BreadcrumbList\",\"@id\":\"https:\/\/redemco.com\/fr\/secteurs-dactivite\/institutionnels\/#breadcrumb\",\"itemListElement\":[{\"@type\":\"ListItem\",\"position\":1,\"name\":\"Accueil\",\"item\":\"https:\/\/redemco.com\/fr\/\"},{\"@type\":\"ListItem\",\"position\":2,\"name\":\"Secteurs d&rsquo;activit\u00e9\",\"item\":\"https:\/\/redemco.com\/fr\/secteurs-dactivite\/\"},{\"@type\":\"ListItem\",\"position\":3,\"name\":\"Institutionnels\"}]},{\"@type\":\"WebSite\",\"@id\":\"https:\/\/redemco.com\/fr\/#website\",\"url\":\"https:\/\/redemco.com\/fr\/\",\"name\":\"REDEMCO\",\"description\":\"Solutions et programmes de remise innovants.\",\"potentialAction\":[{\"@type\":\"SearchAction\",\"target\":{\"@type\":\"EntryPoint\",\"urlTemplate\":\"https:\/\/redemco.com\/fr\/?s={search_term_string}\"},\"query-input\":{\"@type\":\"PropertyValueSpecification\",\"valueRequired\":true,\"valueName\":\"search_term_string\"}}],\"inLanguage\":\"fr-CA\"}]}<\/script>\n<!-- \/ Yoast SEO plugin. -->","yoast_head_json":{"title":"Institutionnels - REDEMCO","robots":{"index":"index","follow":"follow","max-snippet":"max-snippet:-1","max-image-preview":"max-image-preview:large","max-video-preview":"max-video-preview:-1"},"canonical":"https:\/\/redemco.com\/fr\/secteurs-dactivite\/institutionnels\/","og_locale":"fr_CA","og_type":"article","og_title":"Institutionnels - REDEMCO","og_url":"https:\/\/redemco.com\/fr\/secteurs-dactivite\/institutionnels\/","og_site_name":"REDEMCO","article_modified_time":"2021-02-12T15:20:18+00:00","twitter_card":"summary_large_image","twitter_misc":{"Estimation du temps de lecture":"6 minutes"},"schema":{"@context":"https:\/\/schema.org","@graph":[{"@type":"WebPage","@id":"https:\/\/redemco.com\/fr\/secteurs-dactivite\/institutionnels\/","url":"https:\/\/redemco.com\/fr\/secteurs-dactivite\/institutionnels\/","name":"Institutionnels - REDEMCO","isPartOf":{"@id":"https:\/\/redemco.com\/fr\/#website"},"datePublished":"2018-09-04T18:16:31+00:00","dateModified":"2021-02-12T15:20:18+00:00","breadcrumb":{"@id":"https:\/\/redemco.com\/fr\/secteurs-dactivite\/institutionnels\/#breadcrumb"},"inLanguage":"fr-CA","potentialAction":[{"@type":"ReadAction","target":["https:\/\/redemco.com\/fr\/secteurs-dactivite\/institutionnels\/"]}]},{"@type":"BreadcrumbList","@id":"https:\/\/redemco.com\/fr\/secteurs-dactivite\/institutionnels\/#breadcrumb","itemListElement":[{"@type":"ListItem","position":1,"name":"Accueil","item":"https:\/\/redemco.com\/fr\/"},{"@type":"ListItem","position":2,"name":"Secteurs d&rsquo;activit\u00e9","item":"https:\/\/redemco.com\/fr\/secteurs-dactivite\/"},{"@type":"ListItem","position":3,"name":"Institutionnels"}]},{"@type":"WebSite","@id":"https:\/\/redemco.com\/fr\/#website","url":"https:\/\/redemco.com\/fr\/","name":"REDEMCO","description":"Solutions et programmes de remise innovants.","potentialAction":[{"@type":"SearchAction","target":{"@type":"EntryPoint","urlTemplate":"https:\/\/redemco.com\/fr\/?s={search_term_string}"},"query-input":{"@type":"PropertyValueSpecification","valueRequired":true,"valueName":"search_term_string"}}],"inLanguage":"fr-CA"}]}},"_links":{"self":[{"href":"https:\/\/redemco.com\/fr\/wp-json\/wp\/v2\/pages\/120","targetHints":{"allow":["GET"]}}],"collection":[{"href":"https:\/\/redemco.com\/fr\/wp-json\/wp\/v2\/pages"}],"about":[{"href":"https:\/\/redemco.com\/fr\/wp-json\/wp\/v2\/types\/page"}],"author":[{"embeddable":true,"href":"https:\/\/redemco.com\/fr\/wp-json\/wp\/v2\/users\/1"}],"replies":[{"embeddable":true,"href":"https:\/\/redemco.com\/fr\/wp-json\/wp\/v2\/comments?post=120"}],"version-history":[{"count":19,"href":"https:\/\/redemco.com\/fr\/wp-json\/wp\/v2\/pages\/120\/revisions"}],"predecessor-version":[{"id":2688,"href":"https:\/\/redemco.com\/fr\/wp-json\/wp\/v2\/pages\/120\/revisions\/2688"}],"up":[{"embeddable":true,"href":"https:\/\/redemco.com\/fr\/wp-json\/wp\/v2\/pages\/20"}],"wp:attachment":[{"href":"https:\/\/redemco.com\/fr\/wp-json\/wp\/v2\/media?parent=120"}],"curies":[{"name":"wp","href":"https:\/\/api.w.org\/{rel}","templated":true}]}}