{"id":118,"date":"2018-09-04T14:16:11","date_gmt":"2018-09-04T18:16:11","guid":{"rendered":"https:\/\/redemco.com\/?page_id=118"},"modified":"2021-02-12T10:19:01","modified_gmt":"2021-02-12T15:19:01","slug":"detaillants","status":"publish","type":"page","link":"https:\/\/redemco.com\/fr\/secteurs-dactivite\/detaillants\/","title":{"rendered":"D\u00e9taillants"},"content":{"rendered":"<p><div class=\"fusion-fullwidth fullwidth-box fusion-builder-row-1 nonhundred-percent-fullwidth non-hundred-percent-height-scrolling\" style=\"--awb-border-radius-top-left:0px;--awb-border-radius-top-right:0px;--awb-border-radius-bottom-right:0px;--awb-border-radius-bottom-left:0px;--awb-flex-wrap:wrap;\" ><div class=\"fusion-builder-row fusion-row\"><div class=\"fusion-layout-column fusion_builder_column fusion-builder-column-0 fusion_builder_column_4_5 4_5 fusion-four-fifth fusion-column-first\" style=\"--awb-bg-size:cover;width:80%;width:calc(80% - ( ( 4% ) * 0.8 ) );margin-right: 4%;\"><div class=\"fusion-column-wrapper fusion-flex-column-wrapper-legacy\"><div class=\"fusion-title title fusion-title-1 fusion-title-text fusion-title-size-one\" style=\"--awb-margin-top-small:0px;--awb-margin-right-small:0px;--awb-margin-bottom-small:20px;--awb-margin-left-small:0px;\"><h1 class=\"fusion-title-heading title-heading-left fusion-responsive-typography-calculated\" style=\"margin:0;--fontSize:34;line-height:1.4;\">\u200bD\u00e9taillants<\/h1><span class=\"awb-title-spacer\"><\/span><div class=\"title-sep-container\"><div class=\"title-sep sep-single sep-solid\" style=\"border-color:#e0dede;\"><\/div><\/div><\/div><div class=\"fusion-text fusion-text-1\"><p>Redemco a su d\u00e9velopper, au fil des d\u00e9cennies, un large \u00e9ventail de solutions aux d\u00e9taillants.\u00a0Notre renomm\u00e9e s&rsquo;est \u00e9tablie sur des ann\u00e9es de bon service avec notre service de tri de coupons.<\/p>\n<p>C&rsquo;est gr\u00e2ce \u00e0 un service fiable, cr\u00e9dible et int\u00e8gre aux d\u00e9taillants que notre \u00e9quipe a su acqu\u00e9rir une excellente r\u00e9putation au fil des ann\u00e9es.<\/p>\n<h2>Nos solutions num\u00e9riques<\/h2>\n<p>Notre vaste exp\u00e9rience dans le remboursement, combin\u00e9e \u00e0 l&rsquo;av\u00e8nement des nouvelles technologies, nous a permis de revoir notre offre de service et de proposer des solutions plus actuelles aux d\u00e9taillants.<\/p>\n<div class=\"comment relative p-3 border-t-0 border-l-0 border-r-0 border-b border-solid border-neutral-90\">\n<div class=\"comment-body\">\n<div class=\"text-neutral-20 break-words whitespace-pre-line relative overflow-visible\">\n<p class=\"comment-text m-0 text-sm break-words\">Redemco est fi\u00e8re de proposer des solutions num\u00e9riques aux coupons rabais. Nous sommes en mesure de nous connecter \u00e0 votre syst\u00e8me et ainsi g\u00e9rer en temps r\u00e9el la validation et l&rsquo;authentification de tous types de coupons. Les avantages reli\u00e9s \u00e0 ce syst\u00e8me de traitement et de validation sont infinis.<\/p>\n<\/div>\n<\/div>\n<\/div>\n<h2>Vous souhaitez mettre en place un programme de r\u00e9compenses et fid\u00e9lit\u00e9 ?<\/h2>\n<p>Redemco est le partenaire id\u00e9al dans la gestion de ce type de programme. Notre vaste expertise nous permet de d\u00e9velopper des <strong>programmes sur mesure<\/strong> correspondants \u00e0 des besoins sp\u00e9cifiques et ainsi r\u00e9colter une foule d&rsquo;informations sur sa client\u00e8le.<\/p>\n<p>N&rsquo;h\u00e9sitez pas \u00e0 communiquer avec nous afin d&rsquo;avoir plus d&rsquo;informations sur nos services !<\/p>\n<\/div><div class=\"fusion-clearfix\"><\/div><\/div><\/div><\/div><\/div><div class=\"fusion-fullwidth fullwidth-box fusion-builder-row-2 fusion-parallax-none nonhundred-percent-fullwidth non-hundred-percent-height-scrolling\" style=\"--awb-background-blend-mode:overlay;--awb-border-radius-top-left:0px;--awb-border-radius-top-right:0px;--awb-border-radius-bottom-right:0px;--awb-border-radius-bottom-left:0px;--awb-margin-bottom:80px;--awb-background-color:rgba(0,0,0,0.07);--awb-background-image:url(&quot;https:\/\/redemco.com\/wp-content\/uploads\/2020\/06\/rendez-vous2-1.jpg&quot;);--awb-background-size:cover;--awb-flex-wrap:wrap;\" ><div class=\"fusion-builder-row fusion-row\"><div class=\"fusion-layout-column fusion_builder_column fusion-builder-column-1 fusion_builder_column_4_5 4_5 fusion-four-fifth fusion-column-first fusion-animated\" style=\"--awb-padding-left:50px;--awb-bg-size:cover;--awb-margin-top:60px;--awb-margin-bottom:60px;width:80%;width:calc(80% - ( ( 4% ) * 0.8 ) );margin-right: 4%;\" data-animationType=\"fadeInLeft\" data-animationDuration=\"0.5\" data-animationOffset=\"top-into-view\"><div class=\"fusion-column-wrapper fusion-column-has-shadow fusion-flex-column-wrapper-legacy\"><div class=\"fusion-text fusion-text-2\"><h2 data-fontsize=\"22\" data-lineheight=\"33\"><span style=\"color: #000000;\">Besoin de plus d\u2019informations sur nos services?<\/span><\/h2>\n<\/div><div class=\"fusion-button-wrapper\"><a class=\"fusion-button button-flat fusion-button-default-size button-default fusion-button-default button-1 fusion-button-default-span fusion-button-default-type\" target=\"_self\" href=\"https:\/\/redemco.com\/contactez-nous\/\"><span class=\"fusion-button-text awb-button__text awb-button__text--default\">Planifier un un appel avec nous!<\/span><\/a><\/div><div class=\"fusion-clearfix\"><\/div><\/div><\/div><\/div><\/div>\n<div class=\"fusion-fullwidth fullwidth-box fusion-builder-row-3 nonhundred-percent-fullwidth non-hundred-percent-height-scrolling\" style=\"--awb-border-radius-top-left:0px;--awb-border-radius-top-right:0px;--awb-border-radius-bottom-right:0px;--awb-border-radius-bottom-left:0px;--awb-flex-wrap:wrap;\" ><div class=\"fusion-builder-row fusion-row\"><div class=\"fusion-layout-column fusion_builder_column fusion-builder-column-2 fusion_builder_column_1_1 1_1 fusion-one-full fusion-column-first fusion-column-last\" style=\"--awb-bg-size:cover;\"><div class=\"fusion-column-wrapper fusion-flex-column-wrapper-legacy\"><div class=\"fusion-title title fusion-title-2 fusion-title-text fusion-title-size-two\" style=\"--awb-margin-top-small:0px;--awb-margin-right-small:0px;--awb-margin-bottom-small:20px;--awb-margin-left-small:0px;\"><h2 class=\"fusion-title-heading title-heading-left fusion-responsive-typography-calculated\" style=\"margin:0;--fontSize:24;line-height:1.5;\">\u200bD\u00e9couvrez les services offerts pour les d\u00e9taillants.<\/h2><span class=\"awb-title-spacer\"><\/span><div class=\"title-sep-container\"><div class=\"title-sep sep-single sep-solid\" style=\"border-color:#e0dede;\"><\/div><\/div><\/div><div class=\"fusion-clearfix\"><\/div><\/div><\/div><div class=\"fusion-layout-column fusion_builder_column fusion-builder-column-3 fusion_builder_column_1_2 1_2 fusion-one-half fusion-column-first\" style=\"--awb-bg-size:cover;width:50%;width:calc(50% - ( ( 4% ) * 0.5 ) );margin-right: 4%;\"><div class=\"fusion-column-wrapper fusion-column-has-shadow fusion-flex-column-wrapper-legacy\"><div class=\"accordian fusion-accordian\" style=\"--awb-border-size:1px;--awb-icon-size:13px;--awb-content-font-size:16px;--awb-icon-alignment:left;--awb-hover-color:#f9f9f9;--awb-border-color:#cccccc;--awb-background-color:#ffffff;--awb-divider-color:#e0dede;--awb-divider-hover-color:#e0dede;--awb-icon-color:#ffffff;--awb-title-color:#a0ce4e;--awb-content-color:#474747;--awb-icon-box-color:#333333;--awb-toggle-hover-accent-color:#a0ce4e;--awb-title-font-family:&quot;Oswald&quot;;--awb-title-font-weight:400;--awb-title-font-style:normal;--awb-title-font-size:16px;--awb-title-line-height:1.5;--awb-content-font-family:&quot;Noto Sans&quot;;--awb-content-font-style:normal;--awb-content-font-weight:400;\"><div class=\"panel-group fusion-toggle-icon-boxed\" id=\"accordion-118-1\"><div class=\"fusion-panel panel-default panel-0ce6202b33b250989 fusion-toggle-has-divider\"><div class=\"panel-heading\"><h4 class=\"panel-title toggle\" id=\"toggle_0ce6202b33b250989\"><a aria-expanded=\"false\" aria-controls=\"0ce6202b33b250989\" role=\"button\" data-toggle=\"collapse\" data-parent=\"#accordion-118-1\" data-target=\"#0ce6202b33b250989\" href=\"#0ce6202b33b250989\"><span class=\"fusion-toggle-icon-wrapper\" aria-hidden=\"true\"><i class=\"fa-fusion-box active-icon awb-icon-minus\" aria-hidden=\"true\"><\/i><i class=\"fa-fusion-box inactive-icon awb-icon-plus\" aria-hidden=\"true\"><\/i><\/span><span class=\"fusion-toggle-heading\">Strat\u00e9gies num\u00e9riques<\/span><\/a><\/h4><\/div><div id=\"0ce6202b33b250989\" class=\"panel-collapse collapse \" aria-labelledby=\"toggle_0ce6202b33b250989\"><div class=\"panel-body toggle-content fusion-clearfix\">\n<p><a href=\"https:\/\/redemco.com\/programmes-de-rabais\/strategies-numeriques\/solutions-numeriques-aux-detaillants\/\">&#8211; Solutions num\u00e9riques aux d\u00e9taillants<\/a><br \/>\n<a href=\"https:\/\/redemco.com\/programmes-de-rabais\/service-demission-de-coupons-rabais\/coupons-personnalises-avec-systeme-de-tracabilite-2\/\">&#8211; Syst\u00e8me de tra\u00e7abilit\u00e9<\/a><\/p>\n<\/div><\/div><\/div><div class=\"fusion-panel panel-default panel-8d20178beb0049b38 fusion-toggle-has-divider\"><div class=\"panel-heading\"><h4 class=\"panel-title toggle\" id=\"toggle_8d20178beb0049b38\"><a aria-expanded=\"false\" aria-controls=\"8d20178beb0049b38\" role=\"button\" data-toggle=\"collapse\" data-parent=\"#accordion-118-1\" data-target=\"#8d20178beb0049b38\" href=\"#8d20178beb0049b38\"><span class=\"fusion-toggle-icon-wrapper\" aria-hidden=\"true\"><i class=\"fa-fusion-box active-icon awb-icon-minus\" aria-hidden=\"true\"><\/i><i class=\"fa-fusion-box inactive-icon awb-icon-plus\" aria-hidden=\"true\"><\/i><\/span><span class=\"fusion-toggle-heading\">Analyse de donn\u00e9es et strat\u00e9gies promotionnelles<\/span><\/a><\/h4><\/div><div id=\"8d20178beb0049b38\" class=\"panel-collapse collapse \" aria-labelledby=\"toggle_8d20178beb0049b38\"><div class=\"panel-body toggle-content fusion-clearfix\">\n<p><a href=\"https:\/\/redemco.com\/programmes-de-rabais\/analyse-de-donnees-et-strategies-promotionnelles\/\">&#8211; Analyse de donn\u00e9es et strat\u00e9gies promotionnelles<\/a><\/p>\n<\/div><\/div><\/div><div class=\"fusion-panel panel-default panel-c20c2fa579f33255c fusion-toggle-has-divider\"><div class=\"panel-heading\"><h4 class=\"panel-title toggle\" id=\"toggle_c20c2fa579f33255c\"><a aria-expanded=\"false\" aria-controls=\"c20c2fa579f33255c\" role=\"button\" data-toggle=\"collapse\" data-parent=\"#accordion-118-1\" data-target=\"#c20c2fa579f33255c\" href=\"#c20c2fa579f33255c\"><span class=\"fusion-toggle-icon-wrapper\" aria-hidden=\"true\"><i class=\"fa-fusion-box active-icon awb-icon-minus\" aria-hidden=\"true\"><\/i><i class=\"fa-fusion-box inactive-icon awb-icon-plus\" aria-hidden=\"true\"><\/i><\/span><span class=\"fusion-toggle-heading\">Gestion de coupons rabais<\/span><\/a><\/h4><\/div><div id=\"c20c2fa579f33255c\" class=\"panel-collapse collapse \" aria-labelledby=\"toggle_c20c2fa579f33255c\"><div class=\"panel-body toggle-content fusion-clearfix\">\n<p><a href=\"https:\/\/redemco.com\/programmes-de-rabais\/gestion-de-coupon-rabais\/service-de-remboursement\/\">&#8211; Service de remboursement<\/a><br \/>\n<a href=\"https:\/\/redemco.com\/programmes-de-rabais\/gestion-de-coupon-rabais\/service-de-tri\/\">&#8211; Service de tri<\/a><\/p>\n<\/div><\/div><\/div><\/div><\/div><div class=\"fusion-clearfix\"><\/div><\/div><\/div><div class=\"fusion-layout-column fusion_builder_column fusion-builder-column-4 fusion_builder_column_1_2 1_2 fusion-one-half fusion-column-last\" style=\"--awb-bg-size:cover;width:50%;width:calc(50% - ( ( 4% ) * 0.5 ) );\"><div class=\"fusion-column-wrapper fusion-column-has-shadow fusion-flex-column-wrapper-legacy\"><div class=\"accordian fusion-accordian\" style=\"--awb-border-size:1px;--awb-icon-size:13px;--awb-content-font-size:16px;--awb-icon-alignment:left;--awb-hover-color:#f9f9f9;--awb-border-color:#cccccc;--awb-background-color:#ffffff;--awb-divider-color:#e0dede;--awb-divider-hover-color:#e0dede;--awb-icon-color:#ffffff;--awb-title-color:#a0ce4e;--awb-content-color:#474747;--awb-icon-box-color:#333333;--awb-toggle-hover-accent-color:#a0ce4e;--awb-title-font-family:&quot;Oswald&quot;;--awb-title-font-weight:400;--awb-title-font-style:normal;--awb-title-font-size:16px;--awb-title-line-height:1.5;--awb-content-font-family:&quot;Noto Sans&quot;;--awb-content-font-style:normal;--awb-content-font-weight:400;\"><div class=\"panel-group fusion-toggle-icon-boxed\" id=\"accordion-118-2\"><div class=\"fusion-panel panel-default panel-24a3f9de1a3ac624a fusion-toggle-has-divider\"><div class=\"panel-heading\"><h4 class=\"panel-title toggle\" id=\"toggle_24a3f9de1a3ac624a\"><a aria-expanded=\"false\" aria-controls=\"24a3f9de1a3ac624a\" role=\"button\" data-toggle=\"collapse\" data-parent=\"#accordion-118-2\" data-target=\"#24a3f9de1a3ac624a\" href=\"#24a3f9de1a3ac624a\"><span class=\"fusion-toggle-icon-wrapper\" aria-hidden=\"true\"><i class=\"fa-fusion-box active-icon awb-icon-minus\" aria-hidden=\"true\"><\/i><i class=\"fa-fusion-box inactive-icon awb-icon-plus\" aria-hidden=\"true\"><\/i><\/span><span class=\"fusion-toggle-heading\">Programmes de r\u00e9compenses\/fid\u00e9lit\u00e9<\/span><\/a><\/h4><\/div><div id=\"24a3f9de1a3ac624a\" class=\"panel-collapse collapse \" aria-labelledby=\"toggle_24a3f9de1a3ac624a\"><div class=\"panel-body toggle-content fusion-clearfix\">\n<p><a href=\"https:\/\/redemco.com\/programmes-de-rabais\/programmes-de-recompenses-fidelite\/\">&#8211; Programmes de r\u00e9compenses\/fid\u00e9lit\u00e9<\/a><\/p>\n<\/div><\/div><\/div><div class=\"fusion-panel panel-default panel-906b33f6b2b94b44d fusion-toggle-has-divider\"><div class=\"panel-heading\"><h4 class=\"panel-title toggle\" id=\"toggle_906b33f6b2b94b44d\"><a aria-expanded=\"false\" aria-controls=\"906b33f6b2b94b44d\" role=\"button\" data-toggle=\"collapse\" data-parent=\"#accordion-118-2\" data-target=\"#906b33f6b2b94b44d\" href=\"#906b33f6b2b94b44d\"><span class=\"fusion-toggle-icon-wrapper\" aria-hidden=\"true\"><i class=\"fa-fusion-box active-icon awb-icon-minus\" aria-hidden=\"true\"><\/i><i class=\"fa-fusion-box inactive-icon awb-icon-plus\" aria-hidden=\"true\"><\/i><\/span><span class=\"fusion-toggle-heading\">Soutien administratif externe<\/span><\/a><\/h4><\/div><div id=\"906b33f6b2b94b44d\" class=\"panel-collapse collapse \" aria-labelledby=\"toggle_906b33f6b2b94b44d\"><div class=\"panel-body toggle-content fusion-clearfix\">\n<p><a href=\"https:\/\/redemco.com\/programmes-de-gestion\/soutient-administratif-externe\/\">&#8211; Soutien administratif externe<\/a><\/p>\n<\/div><\/div><\/div><\/div><\/div><div class=\"fusion-clearfix\"><\/div><\/div><\/div><\/div><\/div><\/p>\n","protected":false},"excerpt":{"rendered":"","protected":false},"author":1,"featured_media":0,"parent":20,"menu_order":1,"comment_status":"closed","ping_status":"closed","template":"","meta":{"footnotes":""},"class_list":["post-118","page","type-page","status-publish","hentry"],"yoast_head":"<!-- This site is optimized with the Yoast SEO plugin v27.2 - https:\/\/yoast.com\/product\/yoast-seo-wordpress\/ -->\n<title>D\u00e9taillants - REDEMCO<\/title>\n<meta name=\"robots\" content=\"index, follow, max-snippet:-1, max-image-preview:large, max-video-preview:-1\" \/>\n<link rel=\"canonical\" href=\"https:\/\/redemco.com\/fr\/secteurs-dactivite\/detaillants\/\" \/>\n<meta property=\"og:locale\" content=\"fr_CA\" \/>\n<meta property=\"og:type\" content=\"article\" \/>\n<meta property=\"og:title\" content=\"D\u00e9taillants - REDEMCO\" \/>\n<meta property=\"og:url\" content=\"https:\/\/redemco.com\/fr\/secteurs-dactivite\/detaillants\/\" \/>\n<meta property=\"og:site_name\" content=\"REDEMCO\" \/>\n<meta property=\"article:modified_time\" content=\"2021-02-12T15:19:01+00:00\" \/>\n<meta name=\"twitter:card\" content=\"summary_large_image\" \/>\n<meta name=\"twitter:label1\" content=\"Estimation du temps de lecture\" \/>\n\t<meta name=\"twitter:data1\" content=\"6 minutes\" \/>\n<script type=\"application\/ld+json\" class=\"yoast-schema-graph\">{\"@context\":\"https:\/\/schema.org\",\"@graph\":[{\"@type\":\"WebPage\",\"@id\":\"https:\/\/redemco.com\/fr\/secteurs-dactivite\/detaillants\/\",\"url\":\"https:\/\/redemco.com\/fr\/secteurs-dactivite\/detaillants\/\",\"name\":\"D\u00e9taillants - REDEMCO\",\"isPartOf\":{\"@id\":\"https:\/\/redemco.com\/fr\/#website\"},\"datePublished\":\"2018-09-04T18:16:11+00:00\",\"dateModified\":\"2021-02-12T15:19:01+00:00\",\"breadcrumb\":{\"@id\":\"https:\/\/redemco.com\/fr\/secteurs-dactivite\/detaillants\/#breadcrumb\"},\"inLanguage\":\"fr-CA\",\"potentialAction\":[{\"@type\":\"ReadAction\",\"target\":[\"https:\/\/redemco.com\/fr\/secteurs-dactivite\/detaillants\/\"]}]},{\"@type\":\"BreadcrumbList\",\"@id\":\"https:\/\/redemco.com\/fr\/secteurs-dactivite\/detaillants\/#breadcrumb\",\"itemListElement\":[{\"@type\":\"ListItem\",\"position\":1,\"name\":\"Accueil\",\"item\":\"https:\/\/redemco.com\/fr\/\"},{\"@type\":\"ListItem\",\"position\":2,\"name\":\"Secteurs d&rsquo;activit\u00e9\",\"item\":\"https:\/\/redemco.com\/fr\/secteurs-dactivite\/\"},{\"@type\":\"ListItem\",\"position\":3,\"name\":\"D\u00e9taillants\"}]},{\"@type\":\"WebSite\",\"@id\":\"https:\/\/redemco.com\/fr\/#website\",\"url\":\"https:\/\/redemco.com\/fr\/\",\"name\":\"REDEMCO\",\"description\":\"Solutions et programmes de remise innovants.\",\"potentialAction\":[{\"@type\":\"SearchAction\",\"target\":{\"@type\":\"EntryPoint\",\"urlTemplate\":\"https:\/\/redemco.com\/fr\/?s={search_term_string}\"},\"query-input\":{\"@type\":\"PropertyValueSpecification\",\"valueRequired\":true,\"valueName\":\"search_term_string\"}}],\"inLanguage\":\"fr-CA\"}]}<\/script>\n<!-- \/ Yoast SEO plugin. -->","yoast_head_json":{"title":"D\u00e9taillants - REDEMCO","robots":{"index":"index","follow":"follow","max-snippet":"max-snippet:-1","max-image-preview":"max-image-preview:large","max-video-preview":"max-video-preview:-1"},"canonical":"https:\/\/redemco.com\/fr\/secteurs-dactivite\/detaillants\/","og_locale":"fr_CA","og_type":"article","og_title":"D\u00e9taillants - REDEMCO","og_url":"https:\/\/redemco.com\/fr\/secteurs-dactivite\/detaillants\/","og_site_name":"REDEMCO","article_modified_time":"2021-02-12T15:19:01+00:00","twitter_card":"summary_large_image","twitter_misc":{"Estimation du temps de lecture":"6 minutes"},"schema":{"@context":"https:\/\/schema.org","@graph":[{"@type":"WebPage","@id":"https:\/\/redemco.com\/fr\/secteurs-dactivite\/detaillants\/","url":"https:\/\/redemco.com\/fr\/secteurs-dactivite\/detaillants\/","name":"D\u00e9taillants - REDEMCO","isPartOf":{"@id":"https:\/\/redemco.com\/fr\/#website"},"datePublished":"2018-09-04T18:16:11+00:00","dateModified":"2021-02-12T15:19:01+00:00","breadcrumb":{"@id":"https:\/\/redemco.com\/fr\/secteurs-dactivite\/detaillants\/#breadcrumb"},"inLanguage":"fr-CA","potentialAction":[{"@type":"ReadAction","target":["https:\/\/redemco.com\/fr\/secteurs-dactivite\/detaillants\/"]}]},{"@type":"BreadcrumbList","@id":"https:\/\/redemco.com\/fr\/secteurs-dactivite\/detaillants\/#breadcrumb","itemListElement":[{"@type":"ListItem","position":1,"name":"Accueil","item":"https:\/\/redemco.com\/fr\/"},{"@type":"ListItem","position":2,"name":"Secteurs d&rsquo;activit\u00e9","item":"https:\/\/redemco.com\/fr\/secteurs-dactivite\/"},{"@type":"ListItem","position":3,"name":"D\u00e9taillants"}]},{"@type":"WebSite","@id":"https:\/\/redemco.com\/fr\/#website","url":"https:\/\/redemco.com\/fr\/","name":"REDEMCO","description":"Solutions et programmes de remise innovants.","potentialAction":[{"@type":"SearchAction","target":{"@type":"EntryPoint","urlTemplate":"https:\/\/redemco.com\/fr\/?s={search_term_string}"},"query-input":{"@type":"PropertyValueSpecification","valueRequired":true,"valueName":"search_term_string"}}],"inLanguage":"fr-CA"}]}},"_links":{"self":[{"href":"https:\/\/redemco.com\/fr\/wp-json\/wp\/v2\/pages\/118","targetHints":{"allow":["GET"]}}],"collection":[{"href":"https:\/\/redemco.com\/fr\/wp-json\/wp\/v2\/pages"}],"about":[{"href":"https:\/\/redemco.com\/fr\/wp-json\/wp\/v2\/types\/page"}],"author":[{"embeddable":true,"href":"https:\/\/redemco.com\/fr\/wp-json\/wp\/v2\/users\/1"}],"replies":[{"embeddable":true,"href":"https:\/\/redemco.com\/fr\/wp-json\/wp\/v2\/comments?post=118"}],"version-history":[{"count":17,"href":"https:\/\/redemco.com\/fr\/wp-json\/wp\/v2\/pages\/118\/revisions"}],"predecessor-version":[{"id":2687,"href":"https:\/\/redemco.com\/fr\/wp-json\/wp\/v2\/pages\/118\/revisions\/2687"}],"up":[{"embeddable":true,"href":"https:\/\/redemco.com\/fr\/wp-json\/wp\/v2\/pages\/20"}],"wp:attachment":[{"href":"https:\/\/redemco.com\/fr\/wp-json\/wp\/v2\/media?parent=118"}],"curies":[{"name":"wp","href":"https:\/\/api.w.org\/{rel}","templated":true}]}}