{"id":116,"date":"2018-09-04T14:15:49","date_gmt":"2018-09-04T18:15:49","guid":{"rendered":"https:\/\/redemco.com\/?page_id=116"},"modified":"2021-02-12T10:17:38","modified_gmt":"2021-02-12T15:17:38","slug":"manufacturiers","status":"publish","type":"page","link":"https:\/\/redemco.com\/fr\/secteurs-dactivite\/manufacturiers\/","title":{"rendered":"Manufacturiers"},"content":{"rendered":"<p><div class=\"fusion-fullwidth fullwidth-box fusion-builder-row-1 nonhundred-percent-fullwidth non-hundred-percent-height-scrolling\" style=\"--awb-border-radius-top-left:0px;--awb-border-radius-top-right:0px;--awb-border-radius-bottom-right:0px;--awb-border-radius-bottom-left:0px;--awb-flex-wrap:wrap;\" ><div class=\"fusion-builder-row fusion-row\"><div class=\"fusion-layout-column fusion_builder_column fusion-builder-column-0 fusion_builder_column_4_5 4_5 fusion-four-fifth fusion-column-first\" style=\"--awb-bg-size:cover;width:80%;width:calc(80% - ( ( 4% ) * 0.8 ) );margin-right: 4%;\"><div class=\"fusion-column-wrapper fusion-flex-column-wrapper-legacy\"><div class=\"fusion-title title fusion-title-1 fusion-title-text fusion-title-size-one\" style=\"--awb-margin-top-small:0px;--awb-margin-right-small:0px;--awb-margin-bottom-small:20px;--awb-margin-left-small:0px;\"><h1 class=\"fusion-title-heading title-heading-left fusion-responsive-typography-calculated\" style=\"margin:0;--fontSize:34;line-height:1.4;\">\u200bManufacturiers<\/h1><span class=\"awb-title-spacer\"><\/span><div class=\"title-sep-container\"><div class=\"title-sep sep-single sep-solid\" style=\"border-color:#e0dede;\"><\/div><\/div><\/div><div class=\"fusion-text fusion-text-1\"><p>Au fil des d\u00e9cennies, Redemco a acquis une client\u00e8le manufacturi\u00e8re de premier choix, qui s&rsquo;adresse directement au commerce de d\u00e9tail.<\/p>\n<h2>Nous sommes heureux d&rsquo;offrir nos services dans des secteurs vari\u00e9s :<\/h2>\n<ul>\n<li data-gc-list-depth=\"1\" data-gc-list-style=\"bullet\">Alimentaire<\/li>\n<li data-gc-list-depth=\"1\" data-gc-list-style=\"bullet\">Pharmaceutique et cosm\u00e9tique<\/li>\n<li data-gc-list-depth=\"1\" data-gc-list-style=\"bullet\">Produit naturel<\/li>\n<li data-gc-list-depth=\"1\" data-gc-list-style=\"bullet\">Produit domestique<\/li>\n<li data-gc-list-depth=\"1\" data-gc-list-style=\"bullet\">Animalier<\/li>\n<li data-gc-list-depth=\"1\" data-gc-list-style=\"bullet\">Lunetterie<\/li>\n<li data-gc-list-depth=\"1\" data-gc-list-style=\"bullet\">Quincaillerie<\/li>\n<li data-gc-list-depth=\"1\" data-gc-list-style=\"bullet\">Automobile<\/li>\n<\/ul>\n<p>Notre vaste exp\u00e9rience dans la gestion de programmes de remise, combin\u00e9e \u00e0 l&rsquo;av\u00e8nement des nouvelles technologies, nous a permis d&rsquo;am\u00e9liorer notre offre de service et de <strong>proposer des solutions plus actuelles aux manufacturiers<\/strong>.<\/p>\n<p><strong>Nous sommes fiers de proposer des solutions num\u00e9riques pour la gestion de tous types d&rsquo;offres.<\/strong><\/p>\n<p>Chez Redemco, nous combinons l&rsquo;exp\u00e9rience, le savoir-faire, la fiabilit\u00e9, la flexibilit\u00e9, l\u2019imputabilit\u00e9 et l&rsquo;innovation afin d&rsquo;offrir en tout temps un service de qualit\u00e9 et adapt\u00e9 aux besoins croissants de notre client\u00e8le.<\/p>\n<p><strong>Nous avons \u00e0 c\u0153ur la r\u00e9ussite de nos clients et nous \u0153uvrons en ce sens.<\/strong><\/p>\n<p>En un seul endroit, vous trouverez le <strong>partenaire id\u00e9al<\/strong> qui saura g\u00e9rer vos programmes de remises aux consommateurs, et ce de l&rsquo;\u00e9laboration au remboursement.<\/p>\n<p>N&rsquo;h\u00e9sitez pas \u00e0 communiquer avec nous afin d&rsquo;avoir plus d&rsquo;informations sur nos diff\u00e9rents services !<\/p>\n<\/div><div class=\"fusion-clearfix\"><\/div><\/div><\/div><\/div><\/div><div class=\"fusion-fullwidth fullwidth-box fusion-builder-row-2 fusion-parallax-none nonhundred-percent-fullwidth non-hundred-percent-height-scrolling\" style=\"--awb-background-blend-mode:overlay;--awb-border-radius-top-left:0px;--awb-border-radius-top-right:0px;--awb-border-radius-bottom-right:0px;--awb-border-radius-bottom-left:0px;--awb-margin-bottom:80px;--awb-background-color:rgba(0,0,0,0.07);--awb-background-image:url(&quot;https:\/\/redemco.com\/wp-content\/uploads\/2020\/06\/rendez-vous2-1.jpg&quot;);--awb-background-size:cover;--awb-flex-wrap:wrap;\" ><div class=\"fusion-builder-row fusion-row\"><div class=\"fusion-layout-column fusion_builder_column fusion-builder-column-1 fusion_builder_column_4_5 4_5 fusion-four-fifth fusion-column-first fusion-animated\" style=\"--awb-padding-left:50px;--awb-bg-size:cover;--awb-margin-top:60px;--awb-margin-bottom:60px;width:80%;width:calc(80% - ( ( 4% ) * 0.8 ) );margin-right: 4%;\" data-animationType=\"fadeInLeft\" data-animationDuration=\"0.5\" data-animationOffset=\"top-into-view\"><div class=\"fusion-column-wrapper fusion-column-has-shadow fusion-flex-column-wrapper-legacy\"><div class=\"fusion-text fusion-text-2\"><h2 data-fontsize=\"22\" data-lineheight=\"33\"><span style=\"color: #000000;\">Besoin de plus d\u2019informations sur nos services?<\/span><\/h2>\n<\/div><div class=\"fusion-button-wrapper\"><a class=\"fusion-button button-flat fusion-button-default-size button-default fusion-button-default button-1 fusion-button-default-span fusion-button-default-type\" target=\"_self\" href=\"https:\/\/redemco.com\/contactez-nous\/\"><span class=\"fusion-button-text awb-button__text awb-button__text--default\">Planifier un un appel avec nous!<\/span><\/a><\/div><div class=\"fusion-clearfix\"><\/div><\/div><\/div><\/div><\/div>\n<div class=\"fusion-fullwidth fullwidth-box fusion-builder-row-3 nonhundred-percent-fullwidth non-hundred-percent-height-scrolling\" style=\"--awb-border-radius-top-left:0px;--awb-border-radius-top-right:0px;--awb-border-radius-bottom-right:0px;--awb-border-radius-bottom-left:0px;--awb-flex-wrap:wrap;\" ><div class=\"fusion-builder-row fusion-row\"><div class=\"fusion-layout-column fusion_builder_column fusion-builder-column-2 fusion_builder_column_1_1 1_1 fusion-one-full fusion-column-first fusion-column-last\" style=\"--awb-bg-size:cover;\"><div class=\"fusion-column-wrapper fusion-flex-column-wrapper-legacy\"><div class=\"fusion-title title fusion-title-2 fusion-title-text fusion-title-size-two\" style=\"--awb-margin-top-small:0px;--awb-margin-right-small:0px;--awb-margin-bottom-small:20px;--awb-margin-left-small:0px;\"><h2 class=\"fusion-title-heading title-heading-left fusion-responsive-typography-calculated\" style=\"margin:0;--fontSize:24;line-height:1.5;\">\u200bD\u00e9couvrez les services offerts pour les manufacturiers<\/h2><span class=\"awb-title-spacer\"><\/span><div class=\"title-sep-container\"><div class=\"title-sep sep-single sep-solid\" style=\"border-color:#e0dede;\"><\/div><\/div><\/div><div class=\"fusion-clearfix\"><\/div><\/div><\/div><div class=\"fusion-layout-column fusion_builder_column fusion-builder-column-3 fusion_builder_column_1_2 1_2 fusion-one-half fusion-column-first\" style=\"--awb-bg-size:cover;width:50%;width:calc(50% - ( ( 4% ) * 0.5 ) );margin-right: 4%;\"><div class=\"fusion-column-wrapper fusion-column-has-shadow fusion-flex-column-wrapper-legacy\"><div class=\"accordian fusion-accordian\" style=\"--awb-border-size:1px;--awb-icon-size:13px;--awb-content-font-size:16px;--awb-icon-alignment:left;--awb-hover-color:#f9f9f9;--awb-border-color:#cccccc;--awb-background-color:#ffffff;--awb-divider-color:#e0dede;--awb-divider-hover-color:#e0dede;--awb-icon-color:#ffffff;--awb-title-color:#a0ce4e;--awb-content-color:#474747;--awb-icon-box-color:#333333;--awb-toggle-hover-accent-color:#a0ce4e;--awb-title-font-family:&quot;Oswald&quot;;--awb-title-font-weight:400;--awb-title-font-style:normal;--awb-title-font-size:16px;--awb-title-line-height:1.5;--awb-content-font-family:&quot;Noto Sans&quot;;--awb-content-font-style:normal;--awb-content-font-weight:400;\"><div class=\"panel-group fusion-toggle-icon-boxed\" id=\"accordion-116-1\"><div class=\"fusion-panel panel-default panel-c8ca70cd4da9075a7 fusion-toggle-has-divider\"><div class=\"panel-heading\"><h4 class=\"panel-title toggle\" id=\"toggle_c8ca70cd4da9075a7\"><a aria-expanded=\"false\" aria-controls=\"c8ca70cd4da9075a7\" role=\"button\" data-toggle=\"collapse\" data-parent=\"#accordion-116-1\" data-target=\"#c8ca70cd4da9075a7\" href=\"#c8ca70cd4da9075a7\"><span class=\"fusion-toggle-icon-wrapper\" aria-hidden=\"true\"><i class=\"fa-fusion-box active-icon awb-icon-minus\" aria-hidden=\"true\"><\/i><i class=\"fa-fusion-box inactive-icon awb-icon-plus\" aria-hidden=\"true\"><\/i><\/span><span class=\"fusion-toggle-heading\">Strat\u00e9gies num\u00e9riques<\/span><\/a><\/h4><\/div><div id=\"c8ca70cd4da9075a7\" class=\"panel-collapse collapse \" aria-labelledby=\"toggle_c8ca70cd4da9075a7\"><div class=\"panel-body toggle-content fusion-clearfix\">\n<p><a href=\"https:\/\/redemco.com\/programmes-de-rabais\/strategies-numeriques\/systeme-de-tracabilite\/\">&#8211; Syst\u00e8me de tra\u00e7abilit\u00e9<\/a><br \/>\n<a href=\"https:\/\/redemco.com\/programmes-de-rabais\/strategies-numeriques\/concours-en-ligne\/\">&#8211; Concours en ligne<\/a><\/p>\n<\/div><\/div><\/div><div class=\"fusion-panel panel-default panel-898c62ed6832073c9 fusion-toggle-has-divider\"><div class=\"panel-heading\"><h4 class=\"panel-title toggle\" id=\"toggle_898c62ed6832073c9\"><a aria-expanded=\"false\" aria-controls=\"898c62ed6832073c9\" role=\"button\" data-toggle=\"collapse\" data-parent=\"#accordion-116-1\" data-target=\"#898c62ed6832073c9\" href=\"#898c62ed6832073c9\"><span class=\"fusion-toggle-icon-wrapper\" aria-hidden=\"true\"><i class=\"fa-fusion-box active-icon awb-icon-minus\" aria-hidden=\"true\"><\/i><i class=\"fa-fusion-box inactive-icon awb-icon-plus\" aria-hidden=\"true\"><\/i><\/span><span class=\"fusion-toggle-heading\">Analyse de donn\u00e9es et strat\u00e9gies promotionnelles<\/span><\/a><\/h4><\/div><div id=\"898c62ed6832073c9\" class=\"panel-collapse collapse \" aria-labelledby=\"toggle_898c62ed6832073c9\"><div class=\"panel-body toggle-content fusion-clearfix\">\n<p><a href=\"https:\/\/redemco.com\/programmes-de-rabais\/analyse-de-donnees-et-strategies-promotionnelles\/\">&#8211; Analyse de donn\u00e9es et strat\u00e9gies promotionnelles<\/a><\/p>\n<\/div><\/div><\/div><div class=\"fusion-panel panel-default panel-adbd53fd89d6aef9e fusion-toggle-has-divider\"><div class=\"panel-heading\"><h4 class=\"panel-title toggle\" id=\"toggle_adbd53fd89d6aef9e\"><a aria-expanded=\"false\" aria-controls=\"adbd53fd89d6aef9e\" role=\"button\" data-toggle=\"collapse\" data-parent=\"#accordion-116-1\" data-target=\"#adbd53fd89d6aef9e\" href=\"#adbd53fd89d6aef9e\"><span class=\"fusion-toggle-icon-wrapper\" aria-hidden=\"true\"><i class=\"fa-fusion-box active-icon awb-icon-minus\" aria-hidden=\"true\"><\/i><i class=\"fa-fusion-box inactive-icon awb-icon-plus\" aria-hidden=\"true\"><\/i><\/span><span class=\"fusion-toggle-heading\">Programmes de remise et offres postales<\/span><\/a><\/h4><\/div><div id=\"adbd53fd89d6aef9e\" class=\"panel-collapse collapse \" aria-labelledby=\"toggle_adbd53fd89d6aef9e\"><div class=\"panel-body toggle-content fusion-clearfix\"><a href=\"https:\/\/redemco.com\/programmes-de-rabais\/programmes-de-remise-et-offres-postales\/programme-postal\/\">&#8211; Programme postal<\/a><br \/>\n<a href=\"https:\/\/redemco.com\/programmes-de-rabais\/programmes-de-remise-et-offres-postales\/programme-en-ligne\/\">&#8211; Programme en ligne<\/a><\/div><\/div><\/div><div class=\"fusion-panel panel-default panel-ee70ed33bcbc826af fusion-toggle-has-divider\"><div class=\"panel-heading\"><h4 class=\"panel-title toggle\" id=\"toggle_ee70ed33bcbc826af\"><a aria-expanded=\"false\" aria-controls=\"ee70ed33bcbc826af\" role=\"button\" data-toggle=\"collapse\" data-parent=\"#accordion-116-1\" data-target=\"#ee70ed33bcbc826af\" href=\"#ee70ed33bcbc826af\"><span class=\"fusion-toggle-icon-wrapper\" aria-hidden=\"true\"><i class=\"fa-fusion-box active-icon awb-icon-minus\" aria-hidden=\"true\"><\/i><i class=\"fa-fusion-box inactive-icon awb-icon-plus\" aria-hidden=\"true\"><\/i><\/span><span class=\"fusion-toggle-heading\">Gestion de coupons rabais<\/span><\/a><\/h4><\/div><div id=\"ee70ed33bcbc826af\" class=\"panel-collapse collapse \" aria-labelledby=\"toggle_ee70ed33bcbc826af\"><div class=\"panel-body toggle-content fusion-clearfix\">\n<p><a href=\"https:\/\/redemco.com\/programmes-de-rabais\/gestion-de-coupon-rabais\/service-de-remboursement\/\">&#8211; Service de remboursement<\/a><\/p>\n<\/div><\/div><\/div><div class=\"fusion-panel panel-default panel-8cf512e6c3dc7757d fusion-toggle-has-divider\"><div class=\"panel-heading\"><h4 class=\"panel-title toggle\" id=\"toggle_8cf512e6c3dc7757d\"><a aria-expanded=\"false\" aria-controls=\"8cf512e6c3dc7757d\" role=\"button\" data-toggle=\"collapse\" data-parent=\"#accordion-116-1\" data-target=\"#8cf512e6c3dc7757d\" href=\"#8cf512e6c3dc7757d\"><span class=\"fusion-toggle-icon-wrapper\" aria-hidden=\"true\"><i class=\"fa-fusion-box active-icon awb-icon-minus\" aria-hidden=\"true\"><\/i><i class=\"fa-fusion-box inactive-icon awb-icon-plus\" aria-hidden=\"true\"><\/i><\/span><span class=\"fusion-toggle-heading\">Service d'\u00e9mission de coupons rabais<\/span><\/a><\/h4><\/div><div id=\"8cf512e6c3dc7757d\" class=\"panel-collapse collapse \" aria-labelledby=\"toggle_8cf512e6c3dc7757d\"><div class=\"panel-body toggle-content fusion-clearfix\">\n<p><a href=\"https:\/\/redemco.com\/programmes-de-rabais\/service-demission-de-coupons-rabais\/coupons-personnalises-avec-systeme-de-tracabilite\/\">&#8211; Coupons personnalis\u00e9s avec syst\u00e8me de tra\u00e7abilit\u00e9<\/a><br \/>\n<a href=\"https:\/\/redemco.com\/programmes-de-rabais\/service-demission-de-coupons-rabais\/service-dimpression-de-coupons-traditionnels\/\">&#8211; Service d&rsquo;impression de coupons traditionnels<\/a><\/p>\n<\/div><\/div><\/div><\/div><\/div><div class=\"fusion-clearfix\"><\/div><\/div><\/div><div class=\"fusion-layout-column fusion_builder_column fusion-builder-column-4 fusion_builder_column_1_2 1_2 fusion-one-half fusion-column-last\" style=\"--awb-bg-size:cover;width:50%;width:calc(50% - ( ( 4% ) * 0.5 ) );\"><div class=\"fusion-column-wrapper fusion-column-has-shadow fusion-flex-column-wrapper-legacy\"><div class=\"accordian fusion-accordian\" style=\"--awb-border-size:1px;--awb-icon-size:13px;--awb-content-font-size:16px;--awb-icon-alignment:left;--awb-hover-color:#f9f9f9;--awb-border-color:#cccccc;--awb-background-color:#ffffff;--awb-divider-color:#e0dede;--awb-divider-hover-color:#e0dede;--awb-icon-color:#ffffff;--awb-title-color:#a0ce4e;--awb-content-color:#474747;--awb-icon-box-color:#333333;--awb-toggle-hover-accent-color:#a0ce4e;--awb-title-font-family:&quot;Oswald&quot;;--awb-title-font-weight:400;--awb-title-font-style:normal;--awb-title-font-size:16px;--awb-title-line-height:1.5;--awb-content-font-family:&quot;Noto Sans&quot;;--awb-content-font-style:normal;--awb-content-font-weight:400;\"><div class=\"panel-group fusion-toggle-icon-boxed\" id=\"accordion-116-2\"><div class=\"fusion-panel panel-default panel-4f3cea9da9f93b7c0 fusion-toggle-has-divider\"><div class=\"panel-heading\"><h4 class=\"panel-title toggle\" id=\"toggle_4f3cea9da9f93b7c0\"><a aria-expanded=\"false\" aria-controls=\"4f3cea9da9f93b7c0\" role=\"button\" data-toggle=\"collapse\" data-parent=\"#accordion-116-2\" data-target=\"#4f3cea9da9f93b7c0\" href=\"#4f3cea9da9f93b7c0\"><span class=\"fusion-toggle-icon-wrapper\" aria-hidden=\"true\"><i class=\"fa-fusion-box active-icon awb-icon-minus\" aria-hidden=\"true\"><\/i><i class=\"fa-fusion-box inactive-icon awb-icon-plus\" aria-hidden=\"true\"><\/i><\/span><span class=\"fusion-toggle-heading\">Programmes de r\u00e9compenses\/fid\u00e9lit\u00e9<\/span><\/a><\/h4><\/div><div id=\"4f3cea9da9f93b7c0\" class=\"panel-collapse collapse \" aria-labelledby=\"toggle_4f3cea9da9f93b7c0\"><div class=\"panel-body toggle-content fusion-clearfix\">\n<p><a href=\"https:\/\/redemco.com\/programmes-de-rabais\/programmes-de-recompenses-fidelite\/\">&#8211; Programmes de r\u00e9compenses\/fid\u00e9lit\u00e9<\/a><\/p>\n<\/div><\/div><\/div><div class=\"fusion-panel panel-default panel-544c1b613241bbfbd fusion-toggle-has-divider\"><div class=\"panel-heading\"><h4 class=\"panel-title toggle\" id=\"toggle_544c1b613241bbfbd\"><a aria-expanded=\"false\" aria-controls=\"544c1b613241bbfbd\" role=\"button\" data-toggle=\"collapse\" data-parent=\"#accordion-116-2\" data-target=\"#544c1b613241bbfbd\" href=\"#544c1b613241bbfbd\"><span class=\"fusion-toggle-icon-wrapper\" aria-hidden=\"true\"><i class=\"fa-fusion-box active-icon awb-icon-minus\" aria-hidden=\"true\"><\/i><i class=\"fa-fusion-box inactive-icon awb-icon-plus\" aria-hidden=\"true\"><\/i><\/span><span class=\"fusion-toggle-heading\">Gestion de programmes de subvention<\/span><\/a><\/h4><\/div><div id=\"544c1b613241bbfbd\" class=\"panel-collapse collapse \" aria-labelledby=\"toggle_544c1b613241bbfbd\"><div class=\"panel-body toggle-content fusion-clearfix\">\n<p><a href=\"https:\/\/redemco.com\/programmes-de-gestion\/gestion-de-programmes-de-subvention\/\">&#8211; Gestion de programmes de subvention<\/a><\/p>\n<\/div><\/div><\/div><div class=\"fusion-panel panel-default panel-1547791487f800c72 fusion-toggle-has-divider\"><div class=\"panel-heading\"><h4 class=\"panel-title toggle\" id=\"toggle_1547791487f800c72\"><a aria-expanded=\"false\" aria-controls=\"1547791487f800c72\" role=\"button\" data-toggle=\"collapse\" data-parent=\"#accordion-116-2\" data-target=\"#1547791487f800c72\" href=\"#1547791487f800c72\"><span class=\"fusion-toggle-icon-wrapper\" aria-hidden=\"true\"><i class=\"fa-fusion-box active-icon awb-icon-minus\" aria-hidden=\"true\"><\/i><i class=\"fa-fusion-box inactive-icon awb-icon-plus\" aria-hidden=\"true\"><\/i><\/span><span class=\"fusion-toggle-heading\">Gestion de programmes d'assurance<\/span><\/a><\/h4><\/div><div id=\"1547791487f800c72\" class=\"panel-collapse collapse \" aria-labelledby=\"toggle_1547791487f800c72\"><div class=\"panel-body toggle-content fusion-clearfix\">\n<p><a href=\"https:\/\/redemco.com\/programmes-de-gestion\/gestion-de-programmes-dassurance\/\">&#8211; Gestion de programmes d&rsquo;assurance<\/a><\/p>\n<\/div><\/div><\/div><div class=\"fusion-panel panel-default panel-3c55c77149d87230f fusion-toggle-has-divider\"><div class=\"panel-heading\"><h4 class=\"panel-title toggle\" id=\"toggle_3c55c77149d87230f\"><a aria-expanded=\"false\" aria-controls=\"3c55c77149d87230f\" role=\"button\" data-toggle=\"collapse\" data-parent=\"#accordion-116-2\" data-target=\"#3c55c77149d87230f\" href=\"#3c55c77149d87230f\"><span class=\"fusion-toggle-icon-wrapper\" aria-hidden=\"true\"><i class=\"fa-fusion-box active-icon awb-icon-minus\" aria-hidden=\"true\"><\/i><i class=\"fa-fusion-box inactive-icon awb-icon-plus\" aria-hidden=\"true\"><\/i><\/span><span class=\"fusion-toggle-heading\">Soutien administratif externe<\/span><\/a><\/h4><\/div><div id=\"3c55c77149d87230f\" class=\"panel-collapse collapse \" aria-labelledby=\"toggle_3c55c77149d87230f\"><div class=\"panel-body toggle-content fusion-clearfix\">\n<p><a href=\"https:\/\/redemco.com\/programmes-de-recouvrement\/soutient-administratif-externe\/\">&#8211; Soutien administratif externe<\/a><\/p>\n<\/div><\/div><\/div><\/div><\/div><div class=\"fusion-clearfix\"><\/div><\/div><\/div><\/div><\/div><\/p>\n","protected":false},"excerpt":{"rendered":"","protected":false},"author":1,"featured_media":0,"parent":20,"menu_order":0,"comment_status":"closed","ping_status":"closed","template":"","meta":{"footnotes":""},"class_list":["post-116","page","type-page","status-publish","hentry"],"yoast_head":"<!-- This site is optimized with the Yoast SEO plugin v27.2 - https:\/\/yoast.com\/product\/yoast-seo-wordpress\/ -->\n<title>Manufacturiers - REDEMCO<\/title>\n<meta name=\"robots\" content=\"index, follow, max-snippet:-1, max-image-preview:large, max-video-preview:-1\" \/>\n<link rel=\"canonical\" href=\"https:\/\/redemco.com\/fr\/secteurs-dactivite\/manufacturiers\/\" \/>\n<meta property=\"og:locale\" content=\"fr_CA\" \/>\n<meta property=\"og:type\" content=\"article\" \/>\n<meta property=\"og:title\" content=\"Manufacturiers - REDEMCO\" \/>\n<meta property=\"og:url\" content=\"https:\/\/redemco.com\/fr\/secteurs-dactivite\/manufacturiers\/\" \/>\n<meta property=\"og:site_name\" content=\"REDEMCO\" \/>\n<meta property=\"article:modified_time\" content=\"2021-02-12T15:17:38+00:00\" \/>\n<meta name=\"twitter:card\" content=\"summary_large_image\" \/>\n<meta name=\"twitter:label1\" content=\"Estimation du temps de lecture\" \/>\n\t<meta name=\"twitter:data1\" content=\"6 minutes\" \/>\n<script type=\"application\/ld+json\" class=\"yoast-schema-graph\">{\"@context\":\"https:\/\/schema.org\",\"@graph\":[{\"@type\":\"WebPage\",\"@id\":\"https:\/\/redemco.com\/fr\/secteurs-dactivite\/manufacturiers\/\",\"url\":\"https:\/\/redemco.com\/fr\/secteurs-dactivite\/manufacturiers\/\",\"name\":\"Manufacturiers - REDEMCO\",\"isPartOf\":{\"@id\":\"https:\/\/redemco.com\/fr\/#website\"},\"datePublished\":\"2018-09-04T18:15:49+00:00\",\"dateModified\":\"2021-02-12T15:17:38+00:00\",\"breadcrumb\":{\"@id\":\"https:\/\/redemco.com\/fr\/secteurs-dactivite\/manufacturiers\/#breadcrumb\"},\"inLanguage\":\"fr-CA\",\"potentialAction\":[{\"@type\":\"ReadAction\",\"target\":[\"https:\/\/redemco.com\/fr\/secteurs-dactivite\/manufacturiers\/\"]}]},{\"@type\":\"BreadcrumbList\",\"@id\":\"https:\/\/redemco.com\/fr\/secteurs-dactivite\/manufacturiers\/#breadcrumb\",\"itemListElement\":[{\"@type\":\"ListItem\",\"position\":1,\"name\":\"Accueil\",\"item\":\"https:\/\/redemco.com\/fr\/\"},{\"@type\":\"ListItem\",\"position\":2,\"name\":\"Secteurs d&rsquo;activit\u00e9\",\"item\":\"https:\/\/redemco.com\/fr\/secteurs-dactivite\/\"},{\"@type\":\"ListItem\",\"position\":3,\"name\":\"Manufacturiers\"}]},{\"@type\":\"WebSite\",\"@id\":\"https:\/\/redemco.com\/fr\/#website\",\"url\":\"https:\/\/redemco.com\/fr\/\",\"name\":\"REDEMCO\",\"description\":\"Solutions et programmes de remise innovants.\",\"potentialAction\":[{\"@type\":\"SearchAction\",\"target\":{\"@type\":\"EntryPoint\",\"urlTemplate\":\"https:\/\/redemco.com\/fr\/?s={search_term_string}\"},\"query-input\":{\"@type\":\"PropertyValueSpecification\",\"valueRequired\":true,\"valueName\":\"search_term_string\"}}],\"inLanguage\":\"fr-CA\"}]}<\/script>\n<!-- \/ Yoast SEO plugin. -->","yoast_head_json":{"title":"Manufacturiers - REDEMCO","robots":{"index":"index","follow":"follow","max-snippet":"max-snippet:-1","max-image-preview":"max-image-preview:large","max-video-preview":"max-video-preview:-1"},"canonical":"https:\/\/redemco.com\/fr\/secteurs-dactivite\/manufacturiers\/","og_locale":"fr_CA","og_type":"article","og_title":"Manufacturiers - REDEMCO","og_url":"https:\/\/redemco.com\/fr\/secteurs-dactivite\/manufacturiers\/","og_site_name":"REDEMCO","article_modified_time":"2021-02-12T15:17:38+00:00","twitter_card":"summary_large_image","twitter_misc":{"Estimation du temps de lecture":"6 minutes"},"schema":{"@context":"https:\/\/schema.org","@graph":[{"@type":"WebPage","@id":"https:\/\/redemco.com\/fr\/secteurs-dactivite\/manufacturiers\/","url":"https:\/\/redemco.com\/fr\/secteurs-dactivite\/manufacturiers\/","name":"Manufacturiers - REDEMCO","isPartOf":{"@id":"https:\/\/redemco.com\/fr\/#website"},"datePublished":"2018-09-04T18:15:49+00:00","dateModified":"2021-02-12T15:17:38+00:00","breadcrumb":{"@id":"https:\/\/redemco.com\/fr\/secteurs-dactivite\/manufacturiers\/#breadcrumb"},"inLanguage":"fr-CA","potentialAction":[{"@type":"ReadAction","target":["https:\/\/redemco.com\/fr\/secteurs-dactivite\/manufacturiers\/"]}]},{"@type":"BreadcrumbList","@id":"https:\/\/redemco.com\/fr\/secteurs-dactivite\/manufacturiers\/#breadcrumb","itemListElement":[{"@type":"ListItem","position":1,"name":"Accueil","item":"https:\/\/redemco.com\/fr\/"},{"@type":"ListItem","position":2,"name":"Secteurs d&rsquo;activit\u00e9","item":"https:\/\/redemco.com\/fr\/secteurs-dactivite\/"},{"@type":"ListItem","position":3,"name":"Manufacturiers"}]},{"@type":"WebSite","@id":"https:\/\/redemco.com\/fr\/#website","url":"https:\/\/redemco.com\/fr\/","name":"REDEMCO","description":"Solutions et programmes de remise innovants.","potentialAction":[{"@type":"SearchAction","target":{"@type":"EntryPoint","urlTemplate":"https:\/\/redemco.com\/fr\/?s={search_term_string}"},"query-input":{"@type":"PropertyValueSpecification","valueRequired":true,"valueName":"search_term_string"}}],"inLanguage":"fr-CA"}]}},"_links":{"self":[{"href":"https:\/\/redemco.com\/fr\/wp-json\/wp\/v2\/pages\/116","targetHints":{"allow":["GET"]}}],"collection":[{"href":"https:\/\/redemco.com\/fr\/wp-json\/wp\/v2\/pages"}],"about":[{"href":"https:\/\/redemco.com\/fr\/wp-json\/wp\/v2\/types\/page"}],"author":[{"embeddable":true,"href":"https:\/\/redemco.com\/fr\/wp-json\/wp\/v2\/users\/1"}],"replies":[{"embeddable":true,"href":"https:\/\/redemco.com\/fr\/wp-json\/wp\/v2\/comments?post=116"}],"version-history":[{"count":38,"href":"https:\/\/redemco.com\/fr\/wp-json\/wp\/v2\/pages\/116\/revisions"}],"predecessor-version":[{"id":2686,"href":"https:\/\/redemco.com\/fr\/wp-json\/wp\/v2\/pages\/116\/revisions\/2686"}],"up":[{"embeddable":true,"href":"https:\/\/redemco.com\/fr\/wp-json\/wp\/v2\/pages\/20"}],"wp:attachment":[{"href":"https:\/\/redemco.com\/fr\/wp-json\/wp\/v2\/media?parent=116"}],"curies":[{"name":"wp","href":"https:\/\/api.w.org\/{rel}","templated":true}]}}